{"id":691518,"date":"2023-11-03T07:39:42","date_gmt":"2023-11-03T07:39:42","guid":{"rendered":"https:\/\/romanceclub.com\/carrito-vacio\/"},"modified":"2026-03-27T14:25:19","modified_gmt":"2026-03-27T14:25:19","slug":"carrito-vacio","status":"publish","type":"page","link":"https:\/\/romanceclub.com\/es\/carrito-vacio\/","title":{"rendered":"Carrito vac\u00edo"},"content":{"rendered":"<div class=\"gb-container gb-container-bac09833 row\">\n<div class=\"gb-container gb-container-18a4456d col-12\">\n<div class=\"gb-container gb-container-ed47bfea cart-header flex items-center mt-42 gap-30 sm_mt-30 sm_gap-15\">\n<div class=\"gb-container gb-container-1deb9a2d cart-header-title flex items-center mr-auto gap-15\">\n<div class=\"gb-container gb-container-8a39cf05 cart-header-title-icon brand-1-color\">\n\n<svg xmlns=\"http:\/\/www.w3.org\/2000\/svg\" xmlns:xlink=\"http:\/\/www.w3.org\/1999\/xlink\" width=\"24\" height=\"24\">\n<use xlink:href=\"\/wp-content\/uploads\/2023\/11\/sprite.svg#buttons-navbar-basket-default\"><\/use>\n<\/svg>\n\n<\/div>\n\n<div class=\"gb-container gb-container-70741857 cart-header-title-text secondary-dark-color font-24 font-bold whitespace-nowrap\">\n\n<p class=\"m-0\">Mi carrito<\/p>\n\n<\/div>\n<\/div>\n\n<div class=\"gb-container gb-container-14bc8243 cart-header-text ml-auto font-14 grey-dark-1-color sm_mt-5\">\n\n<p class=\"m-0\">Los pagos en la web se realizan a trav\u00e9s de las plataformas de pago <strong>YooKassa<\/strong> (solo Rusia), <a href=\"https:\/\/romanceclub.com\/en\/checkout-2\/\">CorvusPay (internacional)<\/a> y PayPal.<\/p>\n\n<\/div>\n<\/div>\n<\/div>\n<\/div><div class=\"gb-container gb-container-66fd4cfb row\">\n<div class=\"gb-container gb-container-b0c95860 col-12\">\n<div class=\"gb-container gb-container-33fd964f empty-cart\">\n<div class=\"gb-container gb-container-4556e860 empty-cart-img\">\n<picture><source\n\t\t\t\t\tsrcset=\"\/wp-content\/uploads\/2023\/12\/cart-empty.svg\"\n\t\t\t\t\ttype=\"image\/svg\"\n\t\t\t\t><img\n\t\t\t\tsrc=\"\/wp-content\/uploads\/2023\/12\/cart-empty.svg\"loading=\"lazy\"\n\t\t\t><\/picture>\n\n<\/div>\n\n<div class=\"gb-container gb-container-76b6c1c1 emprty-cart-title mt-20 font-24 font-bold grey-dark-1-color\">\n\n<p class=\"m-0\">Tu carrito est\u00e1 vac\u00edo<\/p>\n\n<\/div>\n\n<div class=\"gb-container gb-container-1c808084 emprty-cart-link mt-60\">\n\n<a class=\"gb-button gb-button-225b1392 gb-button-text btn btn-dark font-20\" href=\"\/en\">Ir a la tienda<\/a>\n\n<\/div>\n<\/div>\n<\/div>\n<\/div>","protected":false},"excerpt":{"rendered":"<p>Mi carrito Los pagos en la web se realizan a trav\u00e9s de las plataformas de pago YooKassa (solo Rusia), CorvusPay (internacional) y PayPal. Tu carrito est\u00e1 vac\u00edo<\/p>\n","protected":false},"author":1,"featured_media":0,"parent":0,"menu_order":0,"comment_status":"closed","ping_status":"closed","template":"","meta":{"_acf_changed":false,"inline_featured_image":false,"footnotes":""},"class_list":["post-691518","page","type-page","status-publish","hentry"],"acf":[],"_links":{"self":[{"href":"https:\/\/romanceclub.com\/es\/wp-json\/wp\/v2\/pages\/691518","targetHints":{"allow":["GET"]}}],"collection":[{"href":"https:\/\/romanceclub.com\/es\/wp-json\/wp\/v2\/pages"}],"about":[{"href":"https:\/\/romanceclub.com\/es\/wp-json\/wp\/v2\/types\/page"}],"author":[{"embeddable":true,"href":"https:\/\/romanceclub.com\/es\/wp-json\/wp\/v2\/users\/1"}],"replies":[{"embeddable":true,"href":"https:\/\/romanceclub.com\/es\/wp-json\/wp\/v2\/comments?post=691518"}],"version-history":[{"count":1,"href":"https:\/\/romanceclub.com\/es\/wp-json\/wp\/v2\/pages\/691518\/revisions"}],"predecessor-version":[{"id":691519,"href":"https:\/\/romanceclub.com\/es\/wp-json\/wp\/v2\/pages\/691518\/revisions\/691519"}],"wp:attachment":[{"href":"https:\/\/romanceclub.com\/es\/wp-json\/wp\/v2\/media?parent=691518"}],"curies":[{"name":"wp","href":"https:\/\/api.w.org\/{rel}","templated":true}]}}