{"id":704520,"date":"2023-11-20T08:49:51","date_gmt":"2023-11-20T08:49:51","guid":{"rendered":"https:\/\/romanceclub.com\/atencion-al-cliente\/"},"modified":"2026-04-09T15:41:37","modified_gmt":"2026-04-09T15:41:37","slug":"atencion-al-cliente","status":"publish","type":"page","link":"https:\/\/romanceclub.com\/es\/atencion-al-cliente\/","title":{"rendered":"Atenci\u00f3n al cliente"},"content":{"rendered":"<div class=\"gb-container gb-container-bfe815f5 row\">\n<div class=\"gb-container gb-container-d2abed71 col-12\">\n<div class=\"gb-container gb-container-de1757d2 page\">\n\n<p class=\"par-1-2\">Hola, nos complace darte la bienvenida a nuestra tienda.<\/p>\n\n\n\n<p class=\"par-1-2 mt-40\">Nos esforzamos por ofrecer un servicio de compra de diamantes y tazas de calidad, as\u00ed como una amplia gama de productos de calidad relacionados con las historias de &#8220;Romance Club&#8221; o inspirados en el estilo de Romance Club.<\/p>\n\n\n\n<p class=\"par-1-2 mt-40\">Esperamos tus preguntas y sugerencias a trav\u00e9s del chat de Zendesk (esquina inferior derecha de cualquier p\u00e1gina de la tienda) o por correo electr\u00f3nico en shop@playmgt.com.<\/p>\n\n<\/div>\n<\/div>\n<\/div>","protected":false},"excerpt":{"rendered":"<p>Hola, nos complace darte la bienvenida a nuestra tienda. Nos esforzamos por ofrecer un servicio de compra de diamantes y tazas de calidad, as\u00ed como una amplia gama de productos de calidad relacionados con las historias de &#8220;Romance Club&#8221; o inspirados en el estilo de Romance Club. Esperamos tus preguntas y sugerencias a trav\u00e9s del [&hellip;]<\/p>\n","protected":false},"author":1,"featured_media":0,"parent":0,"menu_order":0,"comment_status":"closed","ping_status":"closed","template":"","meta":{"_acf_changed":false,"inline_featured_image":false,"footnotes":""},"class_list":["post-704520","page","type-page","status-publish","hentry"],"acf":[],"_links":{"self":[{"href":"https:\/\/romanceclub.com\/es\/wp-json\/wp\/v2\/pages\/704520","targetHints":{"allow":["GET"]}}],"collection":[{"href":"https:\/\/romanceclub.com\/es\/wp-json\/wp\/v2\/pages"}],"about":[{"href":"https:\/\/romanceclub.com\/es\/wp-json\/wp\/v2\/types\/page"}],"author":[{"embeddable":true,"href":"https:\/\/romanceclub.com\/es\/wp-json\/wp\/v2\/users\/1"}],"replies":[{"embeddable":true,"href":"https:\/\/romanceclub.com\/es\/wp-json\/wp\/v2\/comments?post=704520"}],"version-history":[{"count":1,"href":"https:\/\/romanceclub.com\/es\/wp-json\/wp\/v2\/pages\/704520\/revisions"}],"predecessor-version":[{"id":704521,"href":"https:\/\/romanceclub.com\/es\/wp-json\/wp\/v2\/pages\/704520\/revisions\/704521"}],"wp:attachment":[{"href":"https:\/\/romanceclub.com\/es\/wp-json\/wp\/v2\/media?parent=704520"}],"curies":[{"name":"wp","href":"https:\/\/api.w.org\/{rel}","templated":true}]}}