{"id":402630,"date":"2025-05-04T20:52:44","date_gmt":"2025-05-04T20:52:44","guid":{"rendered":"https:\/\/romanceclub.com\/product\/amigos-plus\/"},"modified":"2026-03-27T14:28:31","modified_gmt":"2026-03-27T14:28:31","slug":"amigos-plus","status":"publish","type":"product","link":"https:\/\/romanceclub.com\/es\/producto\/amigos-plus\/","title":{"rendered":"Amigos Plus"},"content":{"rendered":"M\u00e1s opciones para la secci\u00f3n de Amigos","protected":false},"excerpt":{"rendered":"<p>M\u00e1s opciones para la secci\u00f3n de Amigos<\/p>\n","protected":false},"featured_media":402631,"template":"","meta":{"_acf_changed":false,"inline_featured_image":false},"product_brand":[],"product_cat":[525],"product_tag":[],"class_list":{"0":"post-402630","1":"product","2":"type-product","3":"status-publish","4":"has-post-thumbnail","6":"product_cat-extra-es","8":"first","9":"instock","10":"virtual","11":"sold-individually","12":"purchasable","13":"product-type-simple"},"acf":[],"_links":{"self":[{"href":"https:\/\/romanceclub.com\/es\/wp-json\/wp\/v2\/product\/402630","targetHints":{"allow":["GET"]}}],"collection":[{"href":"https:\/\/romanceclub.com\/es\/wp-json\/wp\/v2\/product"}],"about":[{"href":"https:\/\/romanceclub.com\/es\/wp-json\/wp\/v2\/types\/product"}],"wp:featuredmedia":[{"embeddable":true,"href":"https:\/\/romanceclub.com\/es\/wp-json\/wp\/v2\/media\/402631"}],"wp:attachment":[{"href":"https:\/\/romanceclub.com\/es\/wp-json\/wp\/v2\/media?parent=402630"}],"wp:term":[{"taxonomy":"product_brand","embeddable":true,"href":"https:\/\/romanceclub.com\/es\/wp-json\/wp\/v2\/product_brand?post=402630"},{"taxonomy":"product_cat","embeddable":true,"href":"https:\/\/romanceclub.com\/es\/wp-json\/wp\/v2\/product_cat?post=402630"},{"taxonomy":"product_tag","embeddable":true,"href":"https:\/\/romanceclub.com\/es\/wp-json\/wp\/v2\/product_tag?post=402630"}],"curies":[{"name":"wp","href":"https:\/\/api.w.org\/{rel}","templated":true}]}}