{"id":403070,"date":"2023-11-30T14:11:17","date_gmt":"2023-11-30T14:11:17","guid":{"rendered":"https:\/\/romanceclub.com\/product\/super-combo-mas-diamantes-y-te\/"},"modified":"2026-03-27T14:42:08","modified_gmt":"2026-03-27T14:42:08","slug":"super-combo-mas-diamantes-y-te","status":"publish","type":"product","link":"https:\/\/romanceclub.com\/es\/producto\/super-combo-mas-diamantes-y-te\/","title":{"rendered":"S\u00faper Combo \u201c\u00a1M\u00e1s Diamantes y T\u00e9!\u201d"},"content":{"rendered":"Pack de Stickers para Telegram \u00ab130 diamantes + 15 tazas de t\u00e9 + 14 personajes principales de las historias de Romance Club\u00bb:avie, Vincent y Viksaria, Seaweed, Shaen, Tai, Hobello, Liviy, Ozar, Lucifer, Minheuk, Noah, Cain, Felonia, Malek. Compra diamantes y tazas de t\u00e9 para Romance Club. Solo en nuestra web oficial puedes conseguir diamantes reales y tazas de t\u00e9 para la aplicaci\u00f3n Romance Club. Al comprarlos aqu\u00ed, ahorras tiempo: no ver\u00e1s anuncios para conseguir diamantes ni tendr\u00e1s que esperar 3 horas por cada taza. ","protected":false},"excerpt":{"rendered":"<p>130 Diamantes + 15 Tazas de T\u00e9 + 14 Personajes principales de las Historias de Romance Club<\/p>\n","protected":false},"featured_media":646823,"template":"","meta":{"_acf_changed":false,"inline_featured_image":false},"product_brand":[],"product_cat":[529,528],"product_tag":[],"class_list":{"0":"post-403070","1":"product","2":"type-product","3":"status-publish","4":"has-post-thumbnail","6":"product_cat-combo-es","7":"product_cat-te-y-diamantes","9":"first","10":"instock","11":"downloadable","12":"virtual","13":"sold-individually","14":"purchasable","15":"product-type-simple"},"acf":[],"_links":{"self":[{"href":"https:\/\/romanceclub.com\/es\/wp-json\/wp\/v2\/product\/403070","targetHints":{"allow":["GET"]}}],"collection":[{"href":"https:\/\/romanceclub.com\/es\/wp-json\/wp\/v2\/product"}],"about":[{"href":"https:\/\/romanceclub.com\/es\/wp-json\/wp\/v2\/types\/product"}],"wp:featuredmedia":[{"embeddable":true,"href":"https:\/\/romanceclub.com\/es\/wp-json\/wp\/v2\/media\/646823"}],"wp:attachment":[{"href":"https:\/\/romanceclub.com\/es\/wp-json\/wp\/v2\/media?parent=403070"}],"wp:term":[{"taxonomy":"product_brand","embeddable":true,"href":"https:\/\/romanceclub.com\/es\/wp-json\/wp\/v2\/product_brand?post=403070"},{"taxonomy":"product_cat","embeddable":true,"href":"https:\/\/romanceclub.com\/es\/wp-json\/wp\/v2\/product_cat?post=403070"},{"taxonomy":"product_tag","embeddable":true,"href":"https:\/\/romanceclub.com\/es\/wp-json\/wp\/v2\/product_tag?post=403070"}],"curies":[{"name":"wp","href":"https:\/\/api.w.org\/{rel}","templated":true}]}}