{"id":688678,"date":"2026-03-24T06:33:02","date_gmt":"2026-03-24T06:33:02","guid":{"rendered":"https:\/\/romanceclub.com\/?post_type=product&#038;p=688678"},"modified":"2026-03-27T11:26:58","modified_gmt":"2026-03-27T11:26:58","slug":"mazo-n-o-22-10-cartas","status":"publish","type":"product","link":"https:\/\/romanceclub.com\/es\/producto\/mazo-n-o-22-10-cartas\/","title":{"rendered":"Mazo n.\u00ba22 <br>[10 Cartas]"},"content":{"rendered":"Mazo n.\u00ba22 <br>10 Cartas coleccionables<br>Estas cartas est\u00e1n dedicadas a los personajes m\u00e1s emblem\u00e1ticos del juego e incluyen un mensaje personal de cada uno de ellos.<br>Puedes conseguirlas de varias formas: compr\u00e1ndolas en la tienda del juego (con diamantes o tesoros), recibi\u00e9ndolas como regalo de tus amigos o gan\u00e1ndolas en la ruleta de la fortuna.<br>Las cartas se publican en mazos, y se a\u00f1aden nuevos con cada actualizaci\u00f3n del juego.","protected":false},"excerpt":{"rendered":"<p>Cartas Coleccionables, Vol. 22 (10 uds.). Personajes emblem\u00e1ticos del juego + mensajes de ellos.<br \/>Cada actualizaci\u00f3n del juego a\u00f1ade nuevos mazos. <\/p>\n","protected":false},"featured_media":688684,"template":"","meta":{"_acf_changed":false,"inline_featured_image":false},"product_brand":[],"product_cat":[525],"product_tag":[537,536],"class_list":{"0":"post-688678","1":"product","2":"type-product","3":"status-publish","4":"has-post-thumbnail","6":"product_cat-extra-es","7":"product_tag-deck-es","8":"product_tag-mazo","10":"first","11":"instock","12":"virtual","13":"sold-individually","14":"purchasable","15":"product-type-simple"},"acf":[],"_links":{"self":[{"href":"https:\/\/romanceclub.com\/es\/wp-json\/wp\/v2\/product\/688678","targetHints":{"allow":["GET"]}}],"collection":[{"href":"https:\/\/romanceclub.com\/es\/wp-json\/wp\/v2\/product"}],"about":[{"href":"https:\/\/romanceclub.com\/es\/wp-json\/wp\/v2\/types\/product"}],"wp:featuredmedia":[{"embeddable":true,"href":"https:\/\/romanceclub.com\/es\/wp-json\/wp\/v2\/media\/688684"}],"wp:attachment":[{"href":"https:\/\/romanceclub.com\/es\/wp-json\/wp\/v2\/media?parent=688678"}],"wp:term":[{"taxonomy":"product_brand","embeddable":true,"href":"https:\/\/romanceclub.com\/es\/wp-json\/wp\/v2\/product_brand?post=688678"},{"taxonomy":"product_cat","embeddable":true,"href":"https:\/\/romanceclub.com\/es\/wp-json\/wp\/v2\/product_cat?post=688678"},{"taxonomy":"product_tag","embeddable":true,"href":"https:\/\/romanceclub.com\/es\/wp-json\/wp\/v2\/product_tag?post=688678"}],"curies":[{"name":"wp","href":"https:\/\/api.w.org\/{rel}","templated":true}]}}