{"id":688707,"date":"2026-03-24T06:53:01","date_gmt":"2026-03-24T06:53:01","guid":{"rendered":"https:\/\/romanceclub.com\/?post_type=product&#038;p=688707"},"modified":"2026-04-09T22:40:29","modified_gmt":"2026-04-09T22:40:29","slug":"pasa-premium-1-mes","status":"publish","type":"product","link":"https:\/\/romanceclub.com\/es\/producto\/pasa-premium-1-mes\/","title":{"rendered":"Pase Premium <br>[ x1 Mes ]"},"content":{"rendered":"Una suscripci\u00f3n de 1 mes con recargas diarias de recursos. Los recursos no utilizados no se acumulan.<br>La opci\u00f3n &#8220;Comprar todo&#8221; seguir\u00e1 estando disponible para todos los jugadores, independientemente de si tienen suscripci\u00f3n o no. <br><br><strong>Elecciones premium gratuitas<\/strong>: Cada d\u00eda puedes realizar un n\u00famero limitado de elecciones premium de forma gratuita.<br><strong>Elecciones sin riesgo:<\/strong> Despu\u00e9s de realizar una elecci\u00f3n premium, puedes cancelarla y volver a la elecci\u00f3n original. Todos los diamantes gastados se reembolsan. <br><strong>Descuento en elecciones<\/strong>: Una vez que se agotan las elecciones premium gratuitas, puedes realizar elecciones premium con precio de diamantes con un descuento que aumenta con cada elecci\u00f3n posterior.<br><strong>Otras ventajas:<\/strong><br>&#8211; Doble recompensa por anuncios y acceso a contenido exclusivo dentro de los episodios.<br>&#8211; La taza de t\u00e9 se recarga en 2 horas y 30 minutos.<br>&#8211; La tirada gratuita de la ruleta de la fortuna pasa de 12 horas a 8 horas.<br>&#8211; Un 20 % m\u00e1s de probabilidades de obtener cartas de tu lista de deseos.<br>&#8211; 15 diamantes extra al completar cap\u00edtulos.<br>&#8211; Avanza r\u00e1pido en los di\u00e1logos hasta la siguiente elecci\u00f3n.<br>&#8211; Elige entre usar los recursos del pase o tus propios diamantes. <br><br><strong>Contenido exclusivo que estar\u00e1 disponible para los titulares del Pase Premium y no requerir\u00e1 diamantes:<\/strong> <br>&#8211; Ropa, peinados, maquillaje y accesorios (pero no escenas de historia, desarrollo de relaciones con personajes secundarios ni mejora de estad\u00edsticas).<\/em><br>","protected":false},"excerpt":{"rendered":"<p>Pase mensual con recargas diarias.<\/p>\n","protected":false},"featured_media":688751,"template":"","meta":{"_acf_changed":false,"inline_featured_image":false},"product_brand":[],"product_cat":[525],"product_tag":[694,690,691,709],"class_list":{"0":"post-688707","1":"product","2":"type-product","3":"status-publish","4":"has-post-thumbnail","6":"product_cat-extra-es","7":"product_tag-pase-2","8":"product_tag-pase","9":"product_tag-premium","10":"product_tag-premium-2","12":"first","13":"instock","14":"virtual","15":"sold-individually","16":"purchasable","17":"product-type-simple"},"acf":[],"_links":{"self":[{"href":"https:\/\/romanceclub.com\/es\/wp-json\/wp\/v2\/product\/688707","targetHints":{"allow":["GET"]}}],"collection":[{"href":"https:\/\/romanceclub.com\/es\/wp-json\/wp\/v2\/product"}],"about":[{"href":"https:\/\/romanceclub.com\/es\/wp-json\/wp\/v2\/types\/product"}],"wp:featuredmedia":[{"embeddable":true,"href":"https:\/\/romanceclub.com\/es\/wp-json\/wp\/v2\/media\/688751"}],"wp:attachment":[{"href":"https:\/\/romanceclub.com\/es\/wp-json\/wp\/v2\/media?parent=688707"}],"wp:term":[{"taxonomy":"product_brand","embeddable":true,"href":"https:\/\/romanceclub.com\/es\/wp-json\/wp\/v2\/product_brand?post=688707"},{"taxonomy":"product_cat","embeddable":true,"href":"https:\/\/romanceclub.com\/es\/wp-json\/wp\/v2\/product_cat?post=688707"},{"taxonomy":"product_tag","embeddable":true,"href":"https:\/\/romanceclub.com\/es\/wp-json\/wp\/v2\/product_tag?post=688707"}],"curies":[{"name":"wp","href":"https:\/\/api.w.org\/{rel}","templated":true}]}}