{"id":689356,"date":"2026-03-24T18:56:12","date_gmt":"2026-03-24T18:56:12","guid":{"rendered":"https:\/\/romanceclub.com\/?post_type=product&#038;p=689356"},"modified":"2026-04-09T22:41:35","modified_gmt":"2026-04-09T22:41:35","slug":"pasa-premium-3-mes","status":"publish","type":"product","link":"https:\/\/romanceclub.com\/es\/producto\/pasa-premium-3-mes\/","title":{"rendered":"Pase Premium<br>[ x3 meses ]"},"content":{"rendered":"Suscripci\u00f3n trimestral con recargas diarias de recursos. Los recursos que no uses no se acumulan.<br>La opci\u00f3n &#8220;Comprar todo&#8221; sigue disponible para todos los jugadores, tengan o no suscripci\u00f3n. <br><br><strong>Elecciones premium gratis<\/strong>: Cada d\u00eda tienes un n\u00famero limitado de elecciones premium sin coste.<br><strong>Elecciones sin arrepentimiento: <\/strong>Si eliges una opci\u00f3n premium, puedes deshacerla y volver a la elecci\u00f3n original. Te devolvemos todos los diamantes gastados. <br><strong>Descuento en elecciones:<\/strong> Cuando se acaben las elecciones premium gratuitas, puedes seguir comprando elecciones premium con diamantes con un descuento que aumenta cada vez.<br><strong>Otras ventajas:<\/strong><br>&#8211; Todas las recompensas de anuncios se duplican y tienes acceso a contenido exclusivo de la historia dentro de los episodios.<br>&#8211; El tiempo de recarga para una taza de t\u00e9 se reduce a 2 horas y 30 minutos.<br>&#8211; El tiempo de recarga para una tirada gratuita en la ruleta de la fortuna se reduce de 12 horas a 8 horas.<br>&#8211; La probabilidad de obtener cartas de la lista de deseos aumenta en un 20%.<br>&#8211; Las recompensas por completar cap\u00edtulos aumentan en 15 diamantes.<br>&#8211; Posibilidad de avanzar r\u00e1pidamente en el di\u00e1logo hasta la siguiente elecci\u00f3n.<br>&#8211; Posibilidad de elegir si usar los recursos del pase o tus propios diamantes para las elecciones. <br><br><strong>Contenido exclusivo que estar\u00e1 disponible para los titulares del Pase Premium y no requerir\u00e1 diamantes:<\/strong><br>&#8211; Ropa, peinados, maquillaje y accesorios (pero no escenas de historia, desarrollo de relaciones con personajes secundarios ni mejora de estad\u00edsticas).<\/em><br>","protected":false},"excerpt":{"rendered":"<p>Pase Premium trimestral con recargas diarias.<\/p>\n","protected":false},"featured_media":688746,"template":"","meta":{"_acf_changed":false,"inline_featured_image":false},"product_brand":[],"product_cat":[525],"product_tag":[694,690,691,709],"class_list":{"0":"post-689356","1":"product","2":"type-product","3":"status-publish","4":"has-post-thumbnail","6":"product_cat-extra-es","7":"product_tag-pase-2","8":"product_tag-pase","9":"product_tag-premium","10":"product_tag-premium-2","12":"first","13":"instock","14":"virtual","15":"sold-individually","16":"purchasable","17":"product-type-simple"},"acf":[],"_links":{"self":[{"href":"https:\/\/romanceclub.com\/es\/wp-json\/wp\/v2\/product\/689356","targetHints":{"allow":["GET"]}}],"collection":[{"href":"https:\/\/romanceclub.com\/es\/wp-json\/wp\/v2\/product"}],"about":[{"href":"https:\/\/romanceclub.com\/es\/wp-json\/wp\/v2\/types\/product"}],"wp:featuredmedia":[{"embeddable":true,"href":"https:\/\/romanceclub.com\/es\/wp-json\/wp\/v2\/media\/688746"}],"wp:attachment":[{"href":"https:\/\/romanceclub.com\/es\/wp-json\/wp\/v2\/media?parent=689356"}],"wp:term":[{"taxonomy":"product_brand","embeddable":true,"href":"https:\/\/romanceclub.com\/es\/wp-json\/wp\/v2\/product_brand?post=689356"},{"taxonomy":"product_cat","embeddable":true,"href":"https:\/\/romanceclub.com\/es\/wp-json\/wp\/v2\/product_cat?post=689356"},{"taxonomy":"product_tag","embeddable":true,"href":"https:\/\/romanceclub.com\/es\/wp-json\/wp\/v2\/product_tag?post=689356"}],"curies":[{"name":"wp","href":"https:\/\/api.w.org\/{rel}","templated":true}]}}