{"id":689414,"date":"2026-03-24T19:47:18","date_gmt":"2026-03-24T19:47:18","guid":{"rendered":"https:\/\/romanceclub.com\/?post_type=product&#038;p=689414"},"modified":"2026-04-09T22:42:39","modified_gmt":"2026-04-09T22:42:39","slug":"pasa-premium-6-mes","status":"publish","type":"product","link":"https:\/\/romanceclub.com\/es\/producto\/pasa-premium-6-mes\/","title":{"rendered":"Pase Premium <br>[ x6 meses ]"},"content":{"rendered":"Una suscripci\u00f3n de 6 meses con recargas diarias de recursos. Los recursos no utilizados no se acumulan.  <br>La opci\u00f3n &#8220;Comprar todo&#8221; seguir\u00e1 estando disponible para todos los jugadores, independientemente de si tienen suscripci\u00f3n o no.<br><br><strong>Elecciones premium gratuitas<\/strong>: Cada d\u00eda puedes realizar un n\u00famero limitado de elecciones premium de forma gratuita.<br><strong>Elecciones sin riesgo: <\/strong>Despu\u00e9s de realizar una elecci\u00f3n premium, puedes cancelarla y volver a la elecci\u00f3n original. Todos los diamantes gastados se reembolsan.  <br>Descuento en elecciones: Una vez que se agotan las elecciones premium gratuitas, puedes realizar elecciones premium con precio de diamantes con un descuento que aumenta con cada elecci\u00f3n posterior.<br><strong>Otras ventajas:<\/strong><br>&#8211; Todas las recompensas de anuncios se duplican y tienes acceso a contenido exclusivo de la historia dentro de los episodios.<br>&#8211; El tiempo de recarga para una taza de t\u00e9 se reduce a 2 horas y 30 minutos.<br>&#8211; El tiempo de recarga para una tirada gratuita en la ruleta de la fortuna se reduce de 12 horas a 8 horas.<br>&#8211; La probabilidad de obtener cartas de la lista de deseos aumenta en un 20 %.<br>&#8211; Las recompensas por completar cap\u00edtulos aumentan en 15 diamantes.<br>&#8211; Posibilidad de avanzar r\u00e1pidamente en el di\u00e1logo hasta la siguiente elecci\u00f3n.<br>&#8211; Posibilidad de elegir si usar los recursos del pase o tus propios diamantes para las elecciones.<br><br><strong>Contenido exclusivo que estar\u00e1 disponible para los titulares del Pase Premium y no requerir\u00e1 diamantes:<\/strong> <br>&#8211; Ropa, peinados, maquillaje y accesorios <em>(pero no escenas de historia, desarrollo de relaciones con personajes secundarios ni mejora de estad\u00edsticas).<\/em><br>","protected":false},"excerpt":{"rendered":"<p>Pase Premium semestral con recargas diarias.<\/p>\n","protected":false},"featured_media":688741,"template":"","meta":{"_acf_changed":false,"inline_featured_image":false},"product_brand":[],"product_cat":[525],"product_tag":[694,690,691,709],"class_list":{"0":"post-689414","1":"product","2":"type-product","3":"status-publish","4":"has-post-thumbnail","6":"product_cat-extra-es","7":"product_tag-pase-2","8":"product_tag-pase","9":"product_tag-premium","10":"product_tag-premium-2","12":"first","13":"instock","14":"virtual","15":"sold-individually","16":"purchasable","17":"product-type-simple"},"acf":[],"_links":{"self":[{"href":"https:\/\/romanceclub.com\/es\/wp-json\/wp\/v2\/product\/689414","targetHints":{"allow":["GET"]}}],"collection":[{"href":"https:\/\/romanceclub.com\/es\/wp-json\/wp\/v2\/product"}],"about":[{"href":"https:\/\/romanceclub.com\/es\/wp-json\/wp\/v2\/types\/product"}],"wp:featuredmedia":[{"embeddable":true,"href":"https:\/\/romanceclub.com\/es\/wp-json\/wp\/v2\/media\/688741"}],"wp:attachment":[{"href":"https:\/\/romanceclub.com\/es\/wp-json\/wp\/v2\/media?parent=689414"}],"wp:term":[{"taxonomy":"product_brand","embeddable":true,"href":"https:\/\/romanceclub.com\/es\/wp-json\/wp\/v2\/product_brand?post=689414"},{"taxonomy":"product_cat","embeddable":true,"href":"https:\/\/romanceclub.com\/es\/wp-json\/wp\/v2\/product_cat?post=689414"},{"taxonomy":"product_tag","embeddable":true,"href":"https:\/\/romanceclub.com\/es\/wp-json\/wp\/v2\/product_tag?post=689414"}],"curies":[{"name":"wp","href":"https:\/\/api.w.org\/{rel}","templated":true}]}}