{"id":691302,"date":"2024-07-22T08:48:25","date_gmt":"2024-07-22T08:48:25","guid":{"rendered":"https:\/\/romanceclub.com\/product\/espacios-de-guardado-adicionales\/"},"modified":"2024-07-22T08:48:25","modified_gmt":"2024-07-22T08:48:25","slug":"espacios-de-guardado-adicionales","status":"publish","type":"product","link":"https:\/\/romanceclub.com\/es\/producto\/espacios-de-guardado-adicionales\/","title":{"rendered":"Espacios de Guardado Adicionales"},"content":{"rendered":"Diez ranuras de guardado para recorrer distintas rutas de historia.<br> Con las ranuras de guardado puedes seguir varias tramas a la vez. Solo tienes que cambiar de una a otra.<br>Los diamantes que gastes en una ranura se desbloquean autom\u00e1ticamente en todas las dem\u00e1s.<br>Adem\u00e1s, jugar en todas las ranuras cuenta para conseguir logros y parejas perfectas.<br>\u2764\ufe0f \u00bfPor qu\u00e9 elegir una sola historia si puedes tenerlas todas a la vez?<br>\u00a1A disfrutar! ","protected":false},"excerpt":{"rendered":"<p>Diez ranuras de guardado para recorrer distintas rutas de historia.<\/p>\n","protected":false},"featured_media":691303,"template":"","meta":{"_acf_changed":false,"inline_featured_image":false},"product_brand":[],"product_cat":[525],"product_tag":[],"class_list":{"0":"post-691302","1":"product","2":"type-product","3":"status-publish","4":"has-post-thumbnail","6":"product_cat-extra-es","8":"first","9":"instock","10":"virtual","11":"sold-individually","12":"purchasable","13":"product-type-simple"},"acf":[],"_links":{"self":[{"href":"https:\/\/romanceclub.com\/es\/wp-json\/wp\/v2\/product\/691302","targetHints":{"allow":["GET"]}}],"collection":[{"href":"https:\/\/romanceclub.com\/es\/wp-json\/wp\/v2\/product"}],"about":[{"href":"https:\/\/romanceclub.com\/es\/wp-json\/wp\/v2\/types\/product"}],"wp:featuredmedia":[{"embeddable":true,"href":"https:\/\/romanceclub.com\/es\/wp-json\/wp\/v2\/media\/691303"}],"wp:attachment":[{"href":"https:\/\/romanceclub.com\/es\/wp-json\/wp\/v2\/media?parent=691302"}],"wp:term":[{"taxonomy":"product_brand","embeddable":true,"href":"https:\/\/romanceclub.com\/es\/wp-json\/wp\/v2\/product_brand?post=691302"},{"taxonomy":"product_cat","embeddable":true,"href":"https:\/\/romanceclub.com\/es\/wp-json\/wp\/v2\/product_cat?post=691302"},{"taxonomy":"product_tag","embeddable":true,"href":"https:\/\/romanceclub.com\/es\/wp-json\/wp\/v2\/product_tag?post=691302"}],"curies":[{"name":"wp","href":"https:\/\/api.w.org\/{rel}","templated":true}]}}