{"id":691482,"date":"2023-11-30T14:11:16","date_gmt":"2023-11-30T14:11:16","guid":{"rendered":"https:\/\/romanceclub.com\/product\/20-diamantes\/"},"modified":"2023-11-30T14:11:16","modified_gmt":"2023-11-30T14:11:16","slug":"20-diamantes","status":"publish","type":"product","link":"https:\/\/romanceclub.com\/es\/producto\/20-diamantes\/","title":{"rendered":"20 Diamantes"},"content":{"rendered":"20 Diamantes \u2013 Sticker para la app Telegram. Los Diamantes (cristales) \ud83d\udc8e en Romance Club: Historias Interactivas son la moneda principal para desbloquear funciones adicionales, como personajes, atuendos o tramas secundarias. Nunca son demasiados. Los Diamantes son una moneda virtual que te permite:   Los Diamantes son una moneda virtual que te permite: <li> tomar decisiones de pago que afectan el desarrollo de la historia,<\/li>\n        <li> desbloquear rutas rom\u00e1nticas o narrativas adicionales,<\/li>\n<li> comprar ropa y peinados especiales para tu personaje, adem\u00e1s de los gratuitos.<\/li> Compra Diamantes y Tazas de T\u00e9 para Romance Club. Solo en nuestra web oficial puedes conseguir los diamantes y tazas de t\u00e9 originales para la app m\u00f3vil Romance Club. Al comprarlos aqu\u00ed, ahorras tiempo: sin ver anuncios para obtener diamantes ni esperar 3 horas por cada recarga de taza. ","protected":false},"excerpt":{"rendered":"<p>20 Diamantes. Los Diamantes (cristales) son la moneda del juego Romance Club que permite acceder a funciones adicionales: ropa y peinados elegantes, rutas argumentales o rom\u00e1nticas extra. <\/p>\n","protected":false},"featured_media":691485,"template":"","meta":{"_acf_changed":false,"inline_featured_image":false},"product_brand":[],"product_cat":[617,528],"product_tag":[635,634],"class_list":{"0":"post-691482","1":"product","2":"type-product","3":"status-publish","4":"has-post-thumbnail","6":"product_cat-diamantes","7":"product_cat-te-y-diamantes","8":"product_tag-cristales","9":"product_tag-diamantes","11":"first","12":"instock","13":"downloadable","14":"virtual","15":"sold-individually","16":"purchasable","17":"product-type-simple"},"acf":[],"_links":{"self":[{"href":"https:\/\/romanceclub.com\/es\/wp-json\/wp\/v2\/product\/691482","targetHints":{"allow":["GET"]}}],"collection":[{"href":"https:\/\/romanceclub.com\/es\/wp-json\/wp\/v2\/product"}],"about":[{"href":"https:\/\/romanceclub.com\/es\/wp-json\/wp\/v2\/types\/product"}],"wp:featuredmedia":[{"embeddable":true,"href":"https:\/\/romanceclub.com\/es\/wp-json\/wp\/v2\/media\/691485"}],"wp:attachment":[{"href":"https:\/\/romanceclub.com\/es\/wp-json\/wp\/v2\/media?parent=691482"}],"wp:term":[{"taxonomy":"product_brand","embeddable":true,"href":"https:\/\/romanceclub.com\/es\/wp-json\/wp\/v2\/product_brand?post=691482"},{"taxonomy":"product_cat","embeddable":true,"href":"https:\/\/romanceclub.com\/es\/wp-json\/wp\/v2\/product_cat?post=691482"},{"taxonomy":"product_tag","embeddable":true,"href":"https:\/\/romanceclub.com\/es\/wp-json\/wp\/v2\/product_tag?post=691482"}],"curies":[{"name":"wp","href":"https:\/\/api.w.org\/{rel}","templated":true}]}}