{"id":691534,"date":"2023-12-19T22:17:19","date_gmt":"2023-12-19T22:17:19","guid":{"rendered":"https:\/\/romanceclub.com\/product\/mega-juego-te-65-tazas\/"},"modified":"2023-12-19T22:17:19","modified_gmt":"2023-12-19T22:17:19","slug":"mega-juego-te-65-tazas","status":"publish","type":"product","link":"https:\/\/romanceclub.com\/es\/producto\/mega-juego-te-65-tazas\/","title":{"rendered":"\u00a1Mega Juego!!! T\u00e9, 65 Tazas"},"content":{"rendered":"65 Tazas de T\u00e9 \u2013 Sticker para la aplicaci\u00f3n Telegram. El T\u00e9 o una Taza \u2615 en Romance Club: Historias Interactivas es una moneda adicional adem\u00e1s de los Diamantes, que permite desbloquear Episodios de Historia. Cada Taza abre un episodio de tu elecci\u00f3n que podr\u00e1s leer hasta el final. Si repites un episodio, volver\u00e1s a necesitar nuestro T\u00e9 m\u00e1gico.   Las Tazas de t\u00e9 dan acceso a episodios de una novela visual espec\u00edfica (excepto el primer episodio de la temporada 1 de cualquier historia, que no consume Tazas). El T\u00e9 tambi\u00e9n es necesario para volver a jugar un episodio. Compra Diamantes y Tazas de T\u00e9 de Romance Club. Solo en nuestra web oficial puedes comprar los Diamantes reales y Tazas de T\u00e9 originales para la app m\u00f3vil Romance Club. Compr\u00e1ndolos aqu\u00ed, ahorras tiempo: sin ver anuncios para conseguir Diamantes ni esperar 3 horas para recargar una Taza.  ","protected":false},"excerpt":{"rendered":"<p>65 Tazas de T\u00e9. El T\u00e9 es la moneda del juego que te permite desbloquear episodios. Cada Taza abre el episodio que elijas y lo puedes leer hasta el final.  <\/p>\n","protected":false},"featured_media":691536,"template":"","meta":{"_acf_changed":false,"inline_featured_image":false},"product_brand":[],"product_cat":[531,528],"product_tag":[532,533],"class_list":{"0":"post-691534","1":"product","2":"type-product","3":"status-publish","4":"has-post-thumbnail","6":"product_cat-te","7":"product_cat-te-y-diamantes","8":"product_tag-tazas","9":"product_tag-te","11":"first","12":"instock","13":"downloadable","14":"virtual","15":"sold-individually","16":"purchasable","17":"product-type-simple"},"acf":[],"_links":{"self":[{"href":"https:\/\/romanceclub.com\/es\/wp-json\/wp\/v2\/product\/691534","targetHints":{"allow":["GET"]}}],"collection":[{"href":"https:\/\/romanceclub.com\/es\/wp-json\/wp\/v2\/product"}],"about":[{"href":"https:\/\/romanceclub.com\/es\/wp-json\/wp\/v2\/types\/product"}],"wp:featuredmedia":[{"embeddable":true,"href":"https:\/\/romanceclub.com\/es\/wp-json\/wp\/v2\/media\/691536"}],"wp:attachment":[{"href":"https:\/\/romanceclub.com\/es\/wp-json\/wp\/v2\/media?parent=691534"}],"wp:term":[{"taxonomy":"product_brand","embeddable":true,"href":"https:\/\/romanceclub.com\/es\/wp-json\/wp\/v2\/product_brand?post=691534"},{"taxonomy":"product_cat","embeddable":true,"href":"https:\/\/romanceclub.com\/es\/wp-json\/wp\/v2\/product_cat?post=691534"},{"taxonomy":"product_tag","embeddable":true,"href":"https:\/\/romanceclub.com\/es\/wp-json\/wp\/v2\/product_tag?post=691534"}],"curies":[{"name":"wp","href":"https:\/\/api.w.org\/{rel}","templated":true}]}}