{"id":691540,"date":"2023-12-19T20:22:30","date_gmt":"2023-12-19T20:22:30","guid":{"rendered":"https:\/\/romanceclub.com\/product\/te-mas-rentable-170-tazas\/"},"modified":"2023-12-19T20:22:30","modified_gmt":"2023-12-19T20:22:30","slug":"te-mas-rentable-170-tazas","status":"publish","type":"product","link":"https:\/\/romanceclub.com\/es\/producto\/te-mas-rentable-170-tazas\/","title":{"rendered":"T\u00e9 M\u00e1s Rentable, 170 Tazas"},"content":{"rendered":"170 Tazas de T\u00e9. El T\u00e9 o una Taza \u2615 en Romance Club: Historias Interactivas es otra moneda del juego adem\u00e1s de los Diamantes, que permite desbloquear Episodios. \n\nCada Taza abre un episodio a tu elecci\u00f3n, que podr\u00e1s leer hasta el final. Si deseas repetir el episodio, volver\u00e1s a necesitar nuestro m\u00e1gico T\u00e9. \n\nLas Tazas de t\u00e9 dan acceso a episodios de una novela visual espec\u00edfica (excepto el primer episodio de la temporada 1 de cualquier historia, que no consume Tazas). \n\nTambi\u00e9n se necesita el T\u00e9 para volver a jugar un episodio.\n\nCompra Diamantes y Tazas de T\u00e9 para Romance Club. Solo en nuestra web oficial puedes conseguir los diamantes y tazas de t\u00e9 originales para la app m\u00f3vil Romance Club. Al comprarlos aqu\u00ed, ahorras tiempo: sin ver anuncios para obtener diamantes ni esperar 3 horas por cada recarga de taza.","protected":false},"excerpt":{"rendered":"<p>Recarga tus tazas de t\u00e9 para una velada acogedora con las Historias de Romance Club.<br \/>\u00a1170 episodios para disfrutar leyendo!<\/p>\n","protected":false},"featured_media":691543,"template":"","meta":{"_acf_changed":false,"inline_featured_image":false},"product_brand":[],"product_cat":[531,528],"product_tag":[532,533],"class_list":{"0":"post-691540","1":"product","2":"type-product","3":"status-publish","4":"has-post-thumbnail","6":"product_cat-te","7":"product_cat-te-y-diamantes","8":"product_tag-tazas","9":"product_tag-te","11":"first","12":"instock","13":"featured","14":"virtual","15":"sold-individually","16":"purchasable","17":"product-type-simple"},"acf":[],"_links":{"self":[{"href":"https:\/\/romanceclub.com\/es\/wp-json\/wp\/v2\/product\/691540","targetHints":{"allow":["GET"]}}],"collection":[{"href":"https:\/\/romanceclub.com\/es\/wp-json\/wp\/v2\/product"}],"about":[{"href":"https:\/\/romanceclub.com\/es\/wp-json\/wp\/v2\/types\/product"}],"wp:featuredmedia":[{"embeddable":true,"href":"https:\/\/romanceclub.com\/es\/wp-json\/wp\/v2\/media\/691543"}],"wp:attachment":[{"href":"https:\/\/romanceclub.com\/es\/wp-json\/wp\/v2\/media?parent=691540"}],"wp:term":[{"taxonomy":"product_brand","embeddable":true,"href":"https:\/\/romanceclub.com\/es\/wp-json\/wp\/v2\/product_brand?post=691540"},{"taxonomy":"product_cat","embeddable":true,"href":"https:\/\/romanceclub.com\/es\/wp-json\/wp\/v2\/product_cat?post=691540"},{"taxonomy":"product_tag","embeddable":true,"href":"https:\/\/romanceclub.com\/es\/wp-json\/wp\/v2\/product_tag?post=691540"}],"curies":[{"name":"wp","href":"https:\/\/api.w.org\/{rel}","templated":true}]}}