{"id":691549,"date":"2023-12-19T16:13:22","date_gmt":"2023-12-19T16:13:22","guid":{"rendered":"https:\/\/romanceclub.com\/product\/a-divertirse-270-diamantes\/"},"modified":"2023-12-19T16:13:22","modified_gmt":"2023-12-19T16:13:22","slug":"a-divertirse-270-diamantes","status":"publish","type":"product","link":"https:\/\/romanceclub.com\/es\/producto\/a-divertirse-270-diamantes\/","title":{"rendered":"\u00a1A divertirse! 270 Diamantes"},"content":{"rendered":"270 Diamantes \u2013 Sticker para la app Telegram. Los Diamantes en los juegos de Romance Club \ud83d\udc8e son la moneda principal para desbloquear funciones adicionales del juego, ya sea un personaje, un conjunto o una l\u00ednea argumental extra.  Nunca son demasiados. Los Diamantes son una moneda virtual que te permite: <ul>\n \t<li>tomar decisiones de pago que afectan el desarrollo de la historia<\/li>\n \t<li>desbloquear rutas rom\u00e1nticas o narrativas adicionales<\/li>\n \t<li>comprar ropa y peinados especiales para tu personaje, adem\u00e1s de los gratuitos.<\/li>\n<\/ul> Compra Diamantes y Tazas de T\u00e9 para Romance Club. Solo en nuestra web oficial puedes conseguir los diamantes y tazas de t\u00e9 originales para la app m\u00f3vil Romance Club. Al comprarlos aqu\u00ed, ahorras tiempo: sin ver anuncios para obtener diamantes ni esperar 3 horas por cada recarga de taza. ","protected":false},"excerpt":{"rendered":"<p>Los Diamantes son la moneda principal del juego Romance Club, necesarios para desbloquear funciones extra como ropa, peinados o rutas ocultas (rom\u00e1nticas).<\/p>\n","protected":false},"featured_media":691551,"template":"","meta":{"_acf_changed":false,"inline_featured_image":false},"product_brand":[],"product_cat":[617,528],"product_tag":[635,634],"class_list":{"0":"post-691549","1":"product","2":"type-product","3":"status-publish","4":"has-post-thumbnail","6":"product_cat-diamantes","7":"product_cat-te-y-diamantes","8":"product_tag-cristales","9":"product_tag-diamantes","11":"first","12":"instock","13":"downloadable","14":"virtual","15":"sold-individually","16":"purchasable","17":"product-type-simple"},"acf":[],"_links":{"self":[{"href":"https:\/\/romanceclub.com\/es\/wp-json\/wp\/v2\/product\/691549","targetHints":{"allow":["GET"]}}],"collection":[{"href":"https:\/\/romanceclub.com\/es\/wp-json\/wp\/v2\/product"}],"about":[{"href":"https:\/\/romanceclub.com\/es\/wp-json\/wp\/v2\/types\/product"}],"wp:featuredmedia":[{"embeddable":true,"href":"https:\/\/romanceclub.com\/es\/wp-json\/wp\/v2\/media\/691551"}],"wp:attachment":[{"href":"https:\/\/romanceclub.com\/es\/wp-json\/wp\/v2\/media?parent=691549"}],"wp:term":[{"taxonomy":"product_brand","embeddable":true,"href":"https:\/\/romanceclub.com\/es\/wp-json\/wp\/v2\/product_brand?post=691549"},{"taxonomy":"product_cat","embeddable":true,"href":"https:\/\/romanceclub.com\/es\/wp-json\/wp\/v2\/product_cat?post=691549"},{"taxonomy":"product_tag","embeddable":true,"href":"https:\/\/romanceclub.com\/es\/wp-json\/wp\/v2\/product_tag?post=691549"}],"curies":[{"name":"wp","href":"https:\/\/api.w.org\/{rel}","templated":true}]}}