{"id":691575,"date":"2025-02-14T10:42:18","date_gmt":"2025-02-14T10:42:18","guid":{"rendered":"https:\/\/romanceclub.com\/product\/tarjeta-regalo-epica\/"},"modified":"2025-02-14T10:42:18","modified_gmt":"2025-02-14T10:42:18","slug":"tarjeta-regalo-epica","status":"publish","type":"product","link":"https:\/\/romanceclub.com\/es\/producto\/tarjeta-regalo-epica\/","title":{"rendered":"Tarjeta Regalo (\u00c9pica)"},"content":{"rendered":"Upgrade Tarjeta \u00c9pica","protected":false},"excerpt":{"rendered":"<p>Upgrade Tarjeta \u00c9pica<\/p>\n","protected":false},"featured_media":691576,"template":"","meta":{"_acf_changed":false,"inline_featured_image":false},"product_brand":[],"product_cat":[525],"product_tag":[],"class_list":{"0":"post-691575","1":"product","2":"type-product","3":"status-publish","4":"has-post-thumbnail","6":"product_cat-extra-es","8":"first","9":"instock","10":"virtual","11":"sold-individually","12":"purchasable","13":"product-type-simple"},"acf":[],"_links":{"self":[{"href":"https:\/\/romanceclub.com\/es\/wp-json\/wp\/v2\/product\/691575","targetHints":{"allow":["GET"]}}],"collection":[{"href":"https:\/\/romanceclub.com\/es\/wp-json\/wp\/v2\/product"}],"about":[{"href":"https:\/\/romanceclub.com\/es\/wp-json\/wp\/v2\/types\/product"}],"wp:featuredmedia":[{"embeddable":true,"href":"https:\/\/romanceclub.com\/es\/wp-json\/wp\/v2\/media\/691576"}],"wp:attachment":[{"href":"https:\/\/romanceclub.com\/es\/wp-json\/wp\/v2\/media?parent=691575"}],"wp:term":[{"taxonomy":"product_brand","embeddable":true,"href":"https:\/\/romanceclub.com\/es\/wp-json\/wp\/v2\/product_brand?post=691575"},{"taxonomy":"product_cat","embeddable":true,"href":"https:\/\/romanceclub.com\/es\/wp-json\/wp\/v2\/product_cat?post=691575"},{"taxonomy":"product_tag","embeddable":true,"href":"https:\/\/romanceclub.com\/es\/wp-json\/wp\/v2\/product_tag?post=691575"}],"curies":[{"name":"wp","href":"https:\/\/api.w.org\/{rel}","templated":true}]}}