{"id":694943,"date":"2026-04-01T18:56:13","date_gmt":"2026-04-01T18:56:13","guid":{"rendered":"https:\/\/romanceclub.com\/?post_type=product&#038;p=694943"},"modified":"2026-04-09T22:38:49","modified_gmt":"2026-04-09T22:38:49","slug":"pasa-oro-12-mes","status":"publish","type":"product","link":"https:\/\/romanceclub.com\/es\/producto\/pasa-oro-12-mes\/","title":{"rendered":"Pase Gold<br>[ x12 meses ]"},"content":{"rendered":"Una suscripci\u00f3n de 6 meses con recargas diarias de recursos. Los recursos no utilizados no se acumulan.<br>La opci\u00f3n &#8220;Comprar todo&#8221; seguir\u00e1 estando disponible para todos los jugadores, independientemente de si tienen suscripci\u00f3n o no. <br><br><strong>Elecciones premium gratuitas:<\/strong> Cada d\u00eda puedes realizar un n\u00famero limitado de elecciones premium de forma gratuita.<br><strong>Elecciones sin riesgo<\/strong>: Despu\u00e9s de realizar una elecci\u00f3n premium, puedes cancelarla y volver a la elecci\u00f3n original. Todos los diamantes gastados se reembolsan. <br><strong>Descuento en elecciones: <\/strong>Una vez que se agotan las elecciones premium gratuitas, puedes realizar elecciones premium con precio de diamantes con un descuento que aumenta con cada elecci\u00f3n posterior.<br>Otras ventajas:<br>&#8211; Todas las recompensas de anuncios se duplican, tienes acceso a la colecci\u00f3n completa de avatares en vivo, a la funci\u00f3n Amigos+ y a 10 espacios de guardado adicionales.<br>&#8211; El tiempo de recarga para una taza de t\u00e9 se reduce a 2 horas y 15 minutos.<br>&#8211; El tiempo de recarga para una tirada gratuita en la ruleta de la fortuna se reduce de 12 horas a 8 horas.<br>&#8211; La probabilidad de obtener cartas de la lista de deseos aumenta en un 30 %.<br>&#8211; Las recompensas por completar cap\u00edtulos aumentan en 15 diamantes.<br>&#8211; Posibilidad de avanzar r\u00e1pidamente en el di\u00e1logo hasta la siguiente elecci\u00f3n.<br>&#8211; Posibilidad de elegir si usar los recursos del pase o tus propios diamantes para las elecciones.<br><br><strong>Contenido exclusivo que estar\u00e1 disponible para los titulares del Pase Gold y no requerir\u00e1 diamantes:<\/strong><br>Ropa, peinados, maquillaje y accesorios (pero no escenas de historia, desarrollo de relaciones con personajes secundarios ni mejora de estad\u00edsticas).<\/em><br>","protected":false},"excerpt":{"rendered":"<p>Pase Gold de 12 meses con recargas diarias.<\/p>\n","protected":false},"featured_media":688776,"template":"","meta":{"_acf_changed":false,"inline_featured_image":false},"product_brand":[],"product_cat":[525],"product_tag":[695,690,694],"class_list":{"0":"post-694943","1":"product","2":"type-product","3":"status-publish","4":"has-post-thumbnail","6":"product_cat-extra-es","7":"product_tag-gold","8":"product_tag-pase","9":"product_tag-pase-2","11":"first","12":"instock","13":"virtual","14":"sold-individually","15":"purchasable","16":"product-type-simple"},"acf":[],"_links":{"self":[{"href":"https:\/\/romanceclub.com\/es\/wp-json\/wp\/v2\/product\/694943","targetHints":{"allow":["GET"]}}],"collection":[{"href":"https:\/\/romanceclub.com\/es\/wp-json\/wp\/v2\/product"}],"about":[{"href":"https:\/\/romanceclub.com\/es\/wp-json\/wp\/v2\/types\/product"}],"wp:featuredmedia":[{"embeddable":true,"href":"https:\/\/romanceclub.com\/es\/wp-json\/wp\/v2\/media\/688776"}],"wp:attachment":[{"href":"https:\/\/romanceclub.com\/es\/wp-json\/wp\/v2\/media?parent=694943"}],"wp:term":[{"taxonomy":"product_brand","embeddable":true,"href":"https:\/\/romanceclub.com\/es\/wp-json\/wp\/v2\/product_brand?post=694943"},{"taxonomy":"product_cat","embeddable":true,"href":"https:\/\/romanceclub.com\/es\/wp-json\/wp\/v2\/product_cat?post=694943"},{"taxonomy":"product_tag","embeddable":true,"href":"https:\/\/romanceclub.com\/es\/wp-json\/wp\/v2\/product_tag?post=694943"}],"curies":[{"name":"wp","href":"https:\/\/api.w.org\/{rel}","templated":true}]}}