{"id":694948,"date":"2026-04-01T18:56:39","date_gmt":"2026-04-01T18:56:39","guid":{"rendered":"https:\/\/romanceclub.com\/?post_type=product&#038;p=694948"},"modified":"2026-04-09T22:43:58","modified_gmt":"2026-04-09T22:43:58","slug":"pasa-premium-12-mes","status":"publish","type":"product","link":"https:\/\/romanceclub.com\/es\/producto\/pasa-premium-12-mes\/","title":{"rendered":"Pase Premium <br>[ x12 meses ]"},"content":{"rendered":"Una suscripci\u00f3n de 12 meses con recargas diarias de recursos. Los recursos no utilizados no se acumulan.\r\nLa opci\u00f3n &#8220;Comprar todo&#8221; seguir\u00e1 estando disponible para todos los jugadores, independientemente de si tienen suscripci\u00f3n o no. \r\n\r\n<strong>Elecciones premium gratuitas<\/strong>: Cada d\u00eda puedes realizar un n\u00famero limitado de elecciones premium de forma gratuita.\r\n<strong>Elecciones sin riesgo: <\/strong>Despu\u00e9s de realizar una elecci\u00f3n premium, puedes cancelarla y volver a la elecci\u00f3n original. Todos los diamantes gastados se reembolsan. \r\nDescuento en elecciones: Una vez que se agotan las elecciones premium gratuitas, puedes realizar elecciones premium con precio de diamantes con un descuento que aumenta con cada elecci\u00f3n posterior.\r\nOtras ventajas:\r\n&#8211; Todas las recompensas de anuncios se duplican y tienes acceso a contenido exclusivo de la historia dentro de los episodios.\r\n&#8211; El tiempo de recarga para una taza de t\u00e9 se reduce a 2 horas y 30 minutos.\r\n&#8211; El tiempo de recarga para una tirada gratuita en la ruleta de la fortuna se reduce de 12 horas a 8 horas.\r\n&#8211; La probabilidad de obtener cartas de la lista de deseos aumenta en un 20 %.\r\n&#8211; Las recompensas por completar cap\u00edtulos aumentan en 15 diamantes.\r\n&#8211; Posibilidad de avanzar r\u00e1pidamente en el di\u00e1logo hasta la siguiente elecci\u00f3n.\r\n&#8211; Posibilidad de elegir si usar los recursos del pase o tus propios diamantes para las elecciones.\r\n\r\n<strong>Contenido exclusivo que estar\u00e1 disponible para los titulares del Pase Premium y no requerir\u00e1 diamantes:<\/strong>\r\n&#8211; Ropa, peinados, maquillaje y accesorios (pero no escenas de historia, desarrollo de relaciones con personajes secundarios ni mejora de estad\u00edsticas).","protected":false},"excerpt":{"rendered":"<p>Pase Premium annual con recargas diarias.<\/p>\n","protected":false},"featured_media":688736,"template":"","meta":{"_acf_changed":false,"inline_featured_image":false},"product_brand":[],"product_cat":[525],"product_tag":[690,691],"class_list":{"0":"post-694948","1":"product","2":"type-product","3":"status-publish","4":"has-post-thumbnail","6":"product_cat-extra-es","7":"product_tag-pase","8":"product_tag-premium","10":"first","11":"instock","12":"virtual","13":"sold-individually","14":"purchasable","15":"product-type-simple"},"acf":[],"_links":{"self":[{"href":"https:\/\/romanceclub.com\/es\/wp-json\/wp\/v2\/product\/694948","targetHints":{"allow":["GET"]}}],"collection":[{"href":"https:\/\/romanceclub.com\/es\/wp-json\/wp\/v2\/product"}],"about":[{"href":"https:\/\/romanceclub.com\/es\/wp-json\/wp\/v2\/types\/product"}],"wp:featuredmedia":[{"embeddable":true,"href":"https:\/\/romanceclub.com\/es\/wp-json\/wp\/v2\/media\/688736"}],"wp:attachment":[{"href":"https:\/\/romanceclub.com\/es\/wp-json\/wp\/v2\/media?parent=694948"}],"wp:term":[{"taxonomy":"product_brand","embeddable":true,"href":"https:\/\/romanceclub.com\/es\/wp-json\/wp\/v2\/product_brand?post=694948"},{"taxonomy":"product_cat","embeddable":true,"href":"https:\/\/romanceclub.com\/es\/wp-json\/wp\/v2\/product_cat?post=694948"},{"taxonomy":"product_tag","embeddable":true,"href":"https:\/\/romanceclub.com\/es\/wp-json\/wp\/v2\/product_tag?post=694948"}],"curies":[{"name":"wp","href":"https:\/\/api.w.org\/{rel}","templated":true}]}}