{"id":704409,"date":"2024-01-01T23:34:17","date_gmt":"2024-01-01T23:34:17","guid":{"rendered":"https:\/\/romanceclub.com\/product\/el-secreto-del-cielo-la-manzana-de-la-discordia\/"},"modified":"2024-01-01T23:34:17","modified_gmt":"2024-01-01T23:34:17","slug":"el-secreto-del-cielo-la-manzana-de-la-discordia","status":"publish","type":"product","link":"https:\/\/romanceclub.com\/es\/producto\/el-secreto-del-cielo-la-manzana-de-la-discordia\/","title":{"rendered":"El Secreto del Cielo: la Manzana de la Discordia"},"content":{"rendered":"Vicky Walker \u2013 No Reconocida.\n\nAs\u00ed se llama a quienes, tras la muerte, acaban en la academia de \u00e1ngeles y demonios, pero a\u00fan no se han unido a ning\u00fan bando. El ambiente en la academia est\u00e1 tenso al l\u00edmite, y solo el ganador o la ganadora del Torneo del Saber podr\u00e1 resolver el prolongado conflicto.\nLes esperan tres pruebas, cada una m\u00e1s terrible que la anterior. Y Vicky es la primera No Reconocida en ser incluida en la lista de participantes.  \n\n\u00bfSer\u00e1 capaz de llegar hasta el final sin traicionarse a s\u00ed misma?\n\n","protected":false},"excerpt":{"rendered":"<p>El libro &#8220;El Secreto del Cielo: la Manzana de la Discordia&#8221;.<br \/>\nFabricante: &#8220;AST&#8221;.<br \/>\nBajo licencia de Your Story Interactive SRL &#8220;Romance Club&#8221;<\/p>\n","protected":false},"featured_media":704416,"template":"","meta":{"_acf_changed":false,"inline_featured_image":false},"product_brand":[],"product_cat":[594,625],"product_tag":[705,703,638,636,640,704,637,639],"class_list":{"0":"post-704409","1":"product","2":"type-product","3":"status-publish","4":"has-post-thumbnail","6":"product_cat-libros","7":"product_cat-varios","8":"product_tag-alisa","9":"product_tag-hs","10":"product_tag-libro","11":"product_tag-lucifer","12":"product_tag-malbonte","13":"product_tag-manzana","14":"product_tag-mimi","15":"product_tag-vicky","17":"first","18":"instock","19":"sold-individually","20":"shipping-taxable","21":"product-type-simple"},"acf":[],"_links":{"self":[{"href":"https:\/\/romanceclub.com\/es\/wp-json\/wp\/v2\/product\/704409","targetHints":{"allow":["GET"]}}],"collection":[{"href":"https:\/\/romanceclub.com\/es\/wp-json\/wp\/v2\/product"}],"about":[{"href":"https:\/\/romanceclub.com\/es\/wp-json\/wp\/v2\/types\/product"}],"wp:featuredmedia":[{"embeddable":true,"href":"https:\/\/romanceclub.com\/es\/wp-json\/wp\/v2\/media\/704416"}],"wp:attachment":[{"href":"https:\/\/romanceclub.com\/es\/wp-json\/wp\/v2\/media?parent=704409"}],"wp:term":[{"taxonomy":"product_brand","embeddable":true,"href":"https:\/\/romanceclub.com\/es\/wp-json\/wp\/v2\/product_brand?post=704409"},{"taxonomy":"product_cat","embeddable":true,"href":"https:\/\/romanceclub.com\/es\/wp-json\/wp\/v2\/product_cat?post=704409"},{"taxonomy":"product_tag","embeddable":true,"href":"https:\/\/romanceclub.com\/es\/wp-json\/wp\/v2\/product_tag?post=704409"}],"curies":[{"name":"wp","href":"https:\/\/api.w.org\/{rel}","templated":true}]}}