{"id":704423,"date":"2024-01-02T00:41:41","date_gmt":"2024-01-02T00:41:41","guid":{"rendered":"https:\/\/romanceclub.com\/product\/flor-del-fuego-de-tiamat\/"},"modified":"2024-01-02T00:41:41","modified_gmt":"2024-01-02T00:41:41","slug":"flor-del-fuego-de-tiamat","status":"publish","type":"product","link":"https:\/\/romanceclub.com\/es\/producto\/flor-del-fuego-de-tiamat\/","title":{"rendered":"Flor del Fuego de Tiamat"},"content":{"rendered":"La joven Nikkal sale en busca de su hermano desaparecido. Tendr\u00e1 que recuperar la magia perdida, luchar contra monstruos del bosque y sus propios demonios, seguir la pista de un culto y descubrir la verdad sobre los dioses antiguos.\nJunto a Niall, el rector de la academia de magia, y Sin, un poderoso desconocido del bosque, Nikkal desvelar\u00e1 los secretos del pasado de su familia e intentar\u00e1 evitar la cat\u00e1strofe que se avecina. ","protected":false},"excerpt":{"rendered":"<p>Libro &#8220;Flor del Fuego de Tiamat&#8221;.<br \/>\nFabricante: &#8220;AST&#8221;.<br \/>\nBajo licencia de Your Story Interactive SRL &#8220;Romance Club&#8221;<\/p>\n","protected":false},"featured_media":704438,"template":"","meta":{"_acf_changed":false,"inline_featured_image":false},"product_brand":[],"product_cat":[594,625],"product_tag":[706,702,638,700,701,699,707],"class_list":{"0":"post-704423","1":"product","2":"type-product","3":"status-publish","4":"has-post-thumbnail","6":"product_cat-libros","7":"product_cat-varios","8":"product_tag-fftf","9":"product_tag-kingu","10":"product_tag-libro","11":"product_tag-niall","12":"product_tag-nikkal","13":"product_tag-tiamat","14":"product_tag-ursa","16":"first","17":"instock","18":"sold-individually","19":"shipping-taxable","20":"product-type-simple"},"acf":[],"_links":{"self":[{"href":"https:\/\/romanceclub.com\/es\/wp-json\/wp\/v2\/product\/704423","targetHints":{"allow":["GET"]}}],"collection":[{"href":"https:\/\/romanceclub.com\/es\/wp-json\/wp\/v2\/product"}],"about":[{"href":"https:\/\/romanceclub.com\/es\/wp-json\/wp\/v2\/types\/product"}],"wp:featuredmedia":[{"embeddable":true,"href":"https:\/\/romanceclub.com\/es\/wp-json\/wp\/v2\/media\/704438"}],"wp:attachment":[{"href":"https:\/\/romanceclub.com\/es\/wp-json\/wp\/v2\/media?parent=704423"}],"wp:term":[{"taxonomy":"product_brand","embeddable":true,"href":"https:\/\/romanceclub.com\/es\/wp-json\/wp\/v2\/product_brand?post=704423"},{"taxonomy":"product_cat","embeddable":true,"href":"https:\/\/romanceclub.com\/es\/wp-json\/wp\/v2\/product_cat?post=704423"},{"taxonomy":"product_tag","embeddable":true,"href":"https:\/\/romanceclub.com\/es\/wp-json\/wp\/v2\/product_tag?post=704423"}],"curies":[{"name":"wp","href":"https:\/\/api.w.org\/{rel}","templated":true}]}}