{"id":399645,"date":"2023-11-20T08:49:51","date_gmt":"2023-11-20T08:49:51","guid":{"rendered":"https:\/\/romanceclub.com\/le-support\/"},"modified":"2026-04-18T07:35:58","modified_gmt":"2026-04-18T07:35:58","slug":"le-support","status":"publish","type":"page","link":"https:\/\/romanceclub.com\/fr\/le-support\/","title":{"rendered":"Aide"},"content":{"rendered":"<div class=\"gb-container gb-container-bfe815f5 row\">\n<div class=\"gb-container gb-container-d2abed71 col-12\">\n<div class=\"gb-container gb-container-de1757d2 page\">\n\n<p class=\"par-1-2\">Bonjour, nous sommes heureux de vous accueillir dans notre boutique.<\/p>\n\n\n\n<p class=\"par-1-2 mt-40\">Nous nous effor\u00e7ons de vous offrir un service d&rsquo;achat de diamants et de tasses de qualit\u00e9, ainsi qu&rsquo;une large gamme de marchandises de qualit\u00e9 li\u00e9es aux histoires de \u00ab Romance Club \u00bb, ou dans le style de Romance Club.<\/p>\n\n\n\n<p class=\"par-1-2 mt-40\">Dans l&rsquo;attente de vos questions et suggestions via le chat Zendesk (coin inf\u00e9rieur droit de la boutique sur n&rsquo;importe quelle page), ou par e-mail \u00e0 shop@playmgt.com.<\/p>\n\n<\/div>\n<\/div>\n<\/div>","protected":false},"excerpt":{"rendered":"<p>Bonjour, nous sommes heureux de vous accueillir dans notre boutique. Nous nous effor\u00e7ons de vous offrir un service d&rsquo;achat de diamants et de tasses de qualit\u00e9, ainsi qu&rsquo;une large gamme de marchandises de qualit\u00e9 li\u00e9es aux histoires de \u00ab Romance Club \u00bb, ou dans le style de Romance Club. Dans l&rsquo;attente de vos questions et [&hellip;]<\/p>\n","protected":false},"author":1,"featured_media":0,"parent":0,"menu_order":0,"comment_status":"closed","ping_status":"closed","template":"","meta":{"_acf_changed":false,"inline_featured_image":false,"footnotes":""},"class_list":["post-399645","page","type-page","status-publish","hentry"],"acf":[],"_links":{"self":[{"href":"https:\/\/romanceclub.com\/fr\/wp-json\/wp\/v2\/pages\/399645","targetHints":{"allow":["GET"]}}],"collection":[{"href":"https:\/\/romanceclub.com\/fr\/wp-json\/wp\/v2\/pages"}],"about":[{"href":"https:\/\/romanceclub.com\/fr\/wp-json\/wp\/v2\/types\/page"}],"author":[{"embeddable":true,"href":"https:\/\/romanceclub.com\/fr\/wp-json\/wp\/v2\/users\/1"}],"replies":[{"embeddable":true,"href":"https:\/\/romanceclub.com\/fr\/wp-json\/wp\/v2\/comments?post=399645"}],"version-history":[{"count":5,"href":"https:\/\/romanceclub.com\/fr\/wp-json\/wp\/v2\/pages\/399645\/revisions"}],"predecessor-version":[{"id":713663,"href":"https:\/\/romanceclub.com\/fr\/wp-json\/wp\/v2\/pages\/399645\/revisions\/713663"}],"wp:attachment":[{"href":"https:\/\/romanceclub.com\/fr\/wp-json\/wp\/v2\/media?parent=399645"}],"curies":[{"name":"wp","href":"https:\/\/api.w.org\/{rel}","templated":true}]}}