{"id":692829,"date":"2023-11-01T08:53:44","date_gmt":"2023-11-01T08:53:44","guid":{"rendered":"https:\/\/romanceclub.com\/politique-de-confidentialite\/"},"modified":"2026-03-29T11:38:46","modified_gmt":"2026-03-29T11:38:46","slug":"politique-de-confidentialite","status":"publish","type":"page","link":"https:\/\/romanceclub.com\/fr\/politique-de-confidentialite\/","title":{"rendered":"Politique de confidentialit\u00e9"},"content":{"rendered":"<div class=\"gb-container gb-container-069898ad row\">\n<div class=\"gb-container gb-container-76ebe912 col-12\">\n<div class=\"gb-container gb-container-21414d2b page privacy-page\">\n\n<p class=\"par-1-2 text-balance text-center\">Chers utilisateurs,<br\/>Merci de visiter cette section et de prendre connaissance de notre Politique de confidentialit\u00e9, que nous, Your Story Interactive SRL, une soci\u00e9t\u00e9 op\u00e9rant conform\u00e9ment aux lois de la R\u00e9publique de Moldavie, avons adopt\u00e9e le 1er avril 2017 (ci-apr\u00e8s d\u00e9nomm\u00e9e la \u00ab Politique \u00bb). <\/p>\n\n\n\n<p class=\"par-1-2 text-balance text-center\">La Politique suivante r\u00e9git la mani\u00e8re dont nous collectons, stockons, utilisons et divulguons \u00e0 des tiers certaines informations que vous et d&#8217;autres utilisateurs (\u00ab Utilisateurs \u00bb) nous fournissez dans le cadre de l&#8217;utilisation de divers Produits et Services de la Soci\u00e9t\u00e9. <\/p>\n\n\n\n<p class=\"par-1-2 text-balance text-center\">Veuillez prendre un moment pour examiner les informations ci-dessous. Nous respectons votre vie priv\u00e9e et vous demandons de lire cette Politique pour savoir quelles informations, et dans quels buts, nous collectons, divulguons \u00e0 des tiers, et comment vous pouvez les modifier ou les supprimer. Your Story Interactive est toujours ouvert \u00e0 toutes vos demandes.   <\/p>\n\n\n\n<p class=\"has-text-align-left par-1-2 text-balance text-center\">Si vous avez une question, une exigence ou une demande concernant vos donn\u00e9es personnelles, \u00e9crivez-nous.<\/p>\n\n\n\n<p>RomanceClub.com est exploit\u00e9 sous licence de Your Story Interactive SRL :<br\/>\u00ab PLAY MANAGEMENT COMPANY \u00bb LLC, entit\u00e9 l\u00e9gale enregistr\u00e9e en R\u00e9publique de Serbie, PSRN 21847046, TIN 113331965. Adresse : Serbie, Beograd (Stari Grad), 11000 Cara Lazara 5-7. Contacts : shop@playmgt.com.<\/p>\n\n\n\n<h2 class=\"wp-block-heading heading-3 mt-50\">Introduction<\/h2>\n\n\n\n<p class=\"par-1-2\">Your Story Interactive SRL con\u00e7oit, d\u00e9veloppe et publie des jeux divertissants disponibles pour divers appareils : smartphones, tablettes et ordinateurs personnels avec acc\u00e8s \u00e0 Internet. <br\/>Pour cr\u00e9er l&#8217;exp\u00e9rience la plus engageante pour nos joueurs, nous proposons \u00e9galement certains services connexes tels que des forums, des pages de fans et des promotions. Aux fins de la pr\u00e9sente Politique, l&#8217;ensemble de nos produits et services connexes, y compris les services identifi\u00e9s ci-dessus dans ce paragraphe, sont d\u00e9sign\u00e9s sous le nom de \u00ab Produits et Services \u00bb.  <\/p>\n\n\n\n<p class=\"par-1-2 mt-40\">Nous savons que nos Utilisateurs accordent une grande importance \u00e0 leur vie priv\u00e9e, c&#8217;est pourquoi nous prenons tr\u00e8s au s\u00e9rieux la protection de vos informations personnelles. Nous encourageons tous nos utilisateurs \u00e0 lire attentivement cette Politique avant de jouer \u00e0 nos jeux ou d&#8217;utiliser d&#8217;autres Produits et Services. Veuillez noter qu&#8217;en t\u00e9l\u00e9chargeant et en installant un jeu, ou en vous inscrivant aupr\u00e8s de nous en utilisant l&#8217;un des formulaires d&#8217;inscription disponibles (appareils mobiles, comptes de r\u00e9seaux sociaux, etc.), ou en utilisant l&#8217;un de nos Produits et Services, vous consentez \u00e0 la collecte, au stockage, \u00e0 l&#8217;utilisation par nos soins, ou \u00e0 la divulgation de vos informations \u00e0 des tiers conform\u00e9ment \u00e0 la pr\u00e9sente Politique.  <\/p>\n\n\n\n<p class=\"par-1-2 mt-40\">Cette Politique restera pleinement en vigueur m\u00eame si votre utilisation de nos Produits et Services, fonctionnalit\u00e9s, ou promotions est r\u00e9sili\u00e9e, expir\u00e9e, suspendue ou d\u00e9sactiv\u00e9e pour quelque raison que ce soit. Si vous n&#8217;acceptez pas cette Politique, veuillez ne pas utiliser nos produits ou services. <\/p>\n\n\n\n<h2 class=\"wp-block-heading heading-3 mt-50\">Quelles informations collectons-nous ?<\/h2>\n\n\n\n<p class=\"par-1-2\">Pour vous fournir au mieux nos Produits et Services, nous collectons deux types d&#8217;informations sur nos Utilisateurs : <br\/>(a) des informations personnelles et <br\/>(b) des informations non personnelles, collectivement d\u00e9sign\u00e9es ci-apr\u00e8s sous le nom d&#8217;\u00ab Informations \u00bb. <br\/>Notre objectif principal en collectant des informations vous concernant est de vous offrir une exp\u00e9rience pratique, efficace et personnalis\u00e9e.   <\/p>\n\n\n\n<p class=\"par-1-2 mt-40\">A. Informations personnelles (donn\u00e9es personnelles) \u2013 d\u00e9signe les informations qui peuvent \u00eatre utilis\u00e9es pour identifier un individu. Lorsque vous vous engagez dans certaines activit\u00e9s li\u00e9es \u00e0 nos Produits et Services, telles que l&#8217;inscription \u00e0 un abonnement, la commande d&#8217;un produit ou d&#8217;un service, la soumission de contenu et\/ou la publication de contenu sur des forums de discussion ou d&#8217;autres espaces publics, la participation \u00e0 un concours ou \u00e0 un jeu, la r\u00e9ponse \u00e0 un sondage ou l&#8217;envoi de commentaires, nous pouvons vous demander de fournir certaines informations vous concernant en remplissant et en soumettant un ou plusieurs formulaires en ligne. Vous n&#8217;\u00eates pas du tout oblig\u00e9 de participer \u00e0 cette activit\u00e9. Selon le type d&#8217;activit\u00e9, certaines des informations que nous vous demandons de fournir sont obligatoires et d&#8217;autres sont facultatives. Si vous ne fournissez pas les donn\u00e9es requises pour certaines activit\u00e9s, vous ne pourrez pas participer \u00e0 ces activit\u00e9s.    <\/p>\n\n\n\n<p class=\"par-1-2 mt-40\">B. Informations non personnelles \u2013 d\u00e9signe les informations qui ne permettent pas d&#8217;identifier une personne sp\u00e9cifique. Nous collectons ces informations sur les Utilisateurs de plusieurs mani\u00e8res et les analysons \u00e0 la fois individuellement et globalement. Cela peut inclure l&#8217;URL du site Web dont vous venez, l&#8217;URL vers laquelle vous vous rendez ensuite, le navigateur que vous utilisez et votre adresse IP. Une URL est l&#8217;adresse globale de documents et d&#8217;autres ressources sur le World Wide Web. Une adresse IP est un identifiant pour un ordinateur ou un appareil sur un r\u00e9seau TCP\/IP \u2013 World Wide Web. Les r\u00e9seaux tels qu&#8217;Internet utilisent le protocole TCP\/IP pour acheminer les informations en fonction de l&#8217;adresse IP de la destination. En d&#8217;autres termes, une adresse IP est un num\u00e9ro qui est automatiquement attribu\u00e9 \u00e0 votre ordinateur chaque fois que vous naviguez sur le Web, permettant aux serveurs Web de trouver et d&#8217;identifier votre ordinateur. Les ordinateurs ont besoin d&#8217;adresses IP pour que les utilisateurs puissent communiquer sur Internet. Ces informations peuvent \u00e9galement inclure des donn\u00e9es de localisation transmises via votre appareil mobile, des signaux GPS ou Wi-Fi.        <\/p>\n\n<\/div>\n<\/div>\n<\/div>","protected":false},"excerpt":{"rendered":"<p>Chers utilisateurs,Merci de visiter cette section et de prendre connaissance de notre Politique de confidentialit\u00e9, que nous, Your Story Interactive SRL, une soci\u00e9t\u00e9 op\u00e9rant conform\u00e9ment aux lois de la R\u00e9publique de Moldavie, avons adopt\u00e9e le 1er avril 2017 (ci-apr\u00e8s d\u00e9nomm\u00e9e la \u00ab Politique \u00bb). La Politique suivante r\u00e9git la mani\u00e8re dont nous collectons, stockons, utilisons [&hellip;]<\/p>\n","protected":false},"author":1,"featured_media":0,"parent":0,"menu_order":0,"comment_status":"closed","ping_status":"open","template":"","meta":{"_acf_changed":false,"inline_featured_image":false,"footnotes":""},"class_list":["post-692829","page","type-page","status-publish","hentry"],"acf":[],"_links":{"self":[{"href":"https:\/\/romanceclub.com\/fr\/wp-json\/wp\/v2\/pages\/692829","targetHints":{"allow":["GET"]}}],"collection":[{"href":"https:\/\/romanceclub.com\/fr\/wp-json\/wp\/v2\/pages"}],"about":[{"href":"https:\/\/romanceclub.com\/fr\/wp-json\/wp\/v2\/types\/page"}],"author":[{"embeddable":true,"href":"https:\/\/romanceclub.com\/fr\/wp-json\/wp\/v2\/users\/1"}],"replies":[{"embeddable":true,"href":"https:\/\/romanceclub.com\/fr\/wp-json\/wp\/v2\/comments?post=692829"}],"version-history":[{"count":1,"href":"https:\/\/romanceclub.com\/fr\/wp-json\/wp\/v2\/pages\/692829\/revisions"}],"predecessor-version":[{"id":692830,"href":"https:\/\/romanceclub.com\/fr\/wp-json\/wp\/v2\/pages\/692829\/revisions\/692830"}],"wp:attachment":[{"href":"https:\/\/romanceclub.com\/fr\/wp-json\/wp\/v2\/media?parent=692829"}],"curies":[{"name":"wp","href":"https:\/\/api.w.org\/{rel}","templated":true}]}}