{"id":402156,"date":"2023-11-30T14:11:16","date_gmt":"2023-11-30T14:11:16","guid":{"rendered":"https:\/\/romanceclub.com\/product\/diamants-20-pieces\/"},"modified":"2026-04-15T12:37:15","modified_gmt":"2026-04-15T12:37:15","slug":"diamants-20-pieces","status":"publish","type":"product","link":"https:\/\/romanceclub.com\/fr\/produit\/diamants-20-pieces\/","title":{"rendered":"Diamants, 20 pi\u00e8ces"},"content":{"rendered":"20 diamants &#8211; Autocollant pour l&rsquo;application de messagerie \u00ab Telegram \u00bb.\n\nLes diamants (cristaux) dans les jeux du \u00ab Club Romantique \u00bb \ud83d\udc8e constituent la principale monnaie permettant de d\u00e9bloquer des fonctionnalit\u00e9s suppl\u00e9mentaires dans le jeu, qu&rsquo;il s&rsquo;agisse d&rsquo;un personnage, d&rsquo;une tenue ou d&rsquo;un sc\u00e9nario suppl\u00e9mentaire. On n&rsquo;en a jamais assez. \n\nLes diamants sont la monnaie du jeu qui permet de :\n\n\t<li> proposer des choix payants qui influencent l&rsquo;intrigue<\/li>\n        <li> d\u00e9velopper des intrigues secondaires ou des histoires d&rsquo;amour<\/li>\n<li> acheter de beaux v\u00eatements et de belles coiffures pour son personnage, en plus de ceux qui sont gratuits.<\/li>\n\nAchetez des diamants et des tasses de th\u00e9 Romance Club. \nSeul notre site officiel vous permet d\u2019acheter les diamants et tasses de th\u00e9 authentiques pour l\u2019application mobile Romance Club.\nEn achetant vos diamants et tasses ici, vous gagnez du temps : pas besoin de regarder de publicit\u00e9s pour obtenir des diamants, ni d\u2019attendre 3 heures pour recharger une tasse.","protected":false},"excerpt":{"rendered":"<p>20 diamants. Les diamants (cristaux) constituent la monnaie du Club Romantique, qui permet d&rsquo;acc\u00e9der \u00e0 des fonctionnalit\u00e9s suppl\u00e9mentaires dans le jeu : de beaux v\u00eatements et coiffures, ainsi que des intrigues ou des histoires d&rsquo;amour suppl\u00e9mentaires. <\/p>\n","protected":false},"featured_media":402157,"template":"","meta":{"_acf_changed":false,"inline_featured_image":false},"product_brand":[],"product_cat":[522,515],"product_tag":[524,523],"class_list":{"0":"post-402156","1":"product","2":"type-product","3":"status-publish","4":"has-post-thumbnail","6":"product_cat-diamants","7":"product_cat-the-et-diamants","8":"product_tag-cristaux","9":"product_tag-diamants","11":"first","12":"instock","13":"downloadable","14":"virtual","15":"sold-individually","16":"purchasable","17":"product-type-simple"},"acf":[],"_links":{"self":[{"href":"https:\/\/romanceclub.com\/fr\/wp-json\/wp\/v2\/product\/402156","targetHints":{"allow":["GET"]}}],"collection":[{"href":"https:\/\/romanceclub.com\/fr\/wp-json\/wp\/v2\/product"}],"about":[{"href":"https:\/\/romanceclub.com\/fr\/wp-json\/wp\/v2\/types\/product"}],"wp:featuredmedia":[{"embeddable":true,"href":"https:\/\/romanceclub.com\/fr\/wp-json\/wp\/v2\/media\/402157"}],"wp:attachment":[{"href":"https:\/\/romanceclub.com\/fr\/wp-json\/wp\/v2\/media?parent=402156"}],"wp:term":[{"taxonomy":"product_brand","embeddable":true,"href":"https:\/\/romanceclub.com\/fr\/wp-json\/wp\/v2\/product_brand?post=402156"},{"taxonomy":"product_cat","embeddable":true,"href":"https:\/\/romanceclub.com\/fr\/wp-json\/wp\/v2\/product_cat?post=402156"},{"taxonomy":"product_tag","embeddable":true,"href":"https:\/\/romanceclub.com\/fr\/wp-json\/wp\/v2\/product_tag?post=402156"}],"curies":[{"name":"wp","href":"https:\/\/api.w.org\/{rel}","templated":true}]}}