{"id":403115,"date":"2023-12-18T23:06:12","date_gmt":"2023-12-18T23:06:12","guid":{"rendered":"https:\/\/romanceclub.com\/product\/the-15-tasses\/"},"modified":"2026-04-02T09:29:39","modified_gmt":"2026-04-02T09:29:39","slug":"the-15-tasses","status":"publish","type":"product","link":"https:\/\/romanceclub.com\/fr\/produit\/the-15-tasses\/","title":{"rendered":"15 Tasses de Th\u00e9"},"content":{"rendered":"15 tasses de Th\u00e9 \u2013 Sticker pour l\u2019application de messagerie Telegram.\n\nDans Romance Club : Histoires Interactives, le Th\u00e9 ou Tasse \u2615 est une autre monnaie, en plus des Diamants, permettant de d\u00e9bloquer des \u00c9pisodes.\n\nUne Tasse permet d\u2019ouvrir un \u00c9pisode de l&#8217;Histoire de votre choix, que vous pouvez lire jusqu\u2019\u00e0 la fin. Pour rejouer un \u00e9pisode, vous aurez \u00e0 nouveau besoin de notre Th\u00e9 magique. \n\nLes Tasses de Th\u00e9 donnent acc\u00e8s aux \u00c9pisodes d\u2019un roman visuel particulier (\u00e0 l\u2019exception du tout premier \u00e9pisode de la saison 1 de chaque Histoire : aucune Tasse n\u2019est d\u00e9duite). \n\nLe Th\u00e9 est \u00e9galement requis pour rejouer un \u00c9pisode.\n\nAchetez des diamants et des tasses de th\u00e9 Romance Club. \nSeul notre site officiel vous permet d\u2019acheter les diamants et tasses de th\u00e9 authentiques pour l\u2019application mobile Romance Club.\nEn achetant vos diamants et tasses ici, vous gagnez du temps : pas besoin de regarder de publicit\u00e9s pour obtenir des diamants, ni d\u2019attendre 3 heures pour recharger une tasse.","protected":false},"excerpt":{"rendered":"<p>15 Tasses de Th\u00e9. Le Th\u00e9 est la monnaie du jeu Romance Club et permet d\u2019ouvrir un \u00c9pisode de l&#8217;Histoire de votre choix, que vous pouvez lire jusqu\u2019\u00e0 la fin.  <\/p>\n","protected":false},"featured_media":403116,"template":"","meta":{"_acf_changed":false,"inline_featured_image":false},"product_brand":[],"product_cat":[516,515],"product_tag":[517,518],"class_list":{"0":"post-403115","1":"product","2":"type-product","3":"status-publish","4":"has-post-thumbnail","6":"product_cat-the","7":"product_cat-the-et-diamants","8":"product_tag-tasses","9":"product_tag-the","11":"first","12":"instock","13":"featured","14":"downloadable","15":"virtual","16":"sold-individually","17":"purchasable","18":"product-type-simple"},"acf":[],"_links":{"self":[{"href":"https:\/\/romanceclub.com\/fr\/wp-json\/wp\/v2\/product\/403115","targetHints":{"allow":["GET"]}}],"collection":[{"href":"https:\/\/romanceclub.com\/fr\/wp-json\/wp\/v2\/product"}],"about":[{"href":"https:\/\/romanceclub.com\/fr\/wp-json\/wp\/v2\/types\/product"}],"wp:featuredmedia":[{"embeddable":true,"href":"https:\/\/romanceclub.com\/fr\/wp-json\/wp\/v2\/media\/403116"}],"wp:attachment":[{"href":"https:\/\/romanceclub.com\/fr\/wp-json\/wp\/v2\/media?parent=403115"}],"wp:term":[{"taxonomy":"product_brand","embeddable":true,"href":"https:\/\/romanceclub.com\/fr\/wp-json\/wp\/v2\/product_brand?post=403115"},{"taxonomy":"product_cat","embeddable":true,"href":"https:\/\/romanceclub.com\/fr\/wp-json\/wp\/v2\/product_cat?post=403115"},{"taxonomy":"product_tag","embeddable":true,"href":"https:\/\/romanceclub.com\/fr\/wp-json\/wp\/v2\/product_tag?post=403115"}],"curies":[{"name":"wp","href":"https:\/\/api.w.org\/{rel}","templated":true}]}}