{"id":405390,"date":"2025-02-14T10:42:18","date_gmt":"2025-02-14T10:42:18","guid":{"rendered":"https:\/\/romanceclub.com\/product\/carte-cadeau-epique\/"},"modified":"2026-03-27T14:51:58","modified_gmt":"2026-03-27T14:51:58","slug":"carte-cadeau-epique","status":"publish","type":"product","link":"https:\/\/romanceclub.com\/fr\/produit\/carte-cadeau-epique\/","title":{"rendered":"Carte-Cadeau (\u00c9pique)"},"content":{"rendered":"Upgrade Carte \u00c9pique","protected":false},"excerpt":{"rendered":"<p>Upgrade Carte \u00c9pique<\/p>\n","protected":false},"featured_media":405391,"template":"","meta":{"_acf_changed":false,"inline_featured_image":false},"product_brand":[],"product_cat":[519],"product_tag":[],"class_list":{"0":"post-405390","1":"product","2":"type-product","3":"status-publish","4":"has-post-thumbnail","6":"product_cat-extra-fr","8":"first","9":"instock","10":"virtual","11":"sold-individually","12":"purchasable","13":"product-type-simple"},"acf":[],"_links":{"self":[{"href":"https:\/\/romanceclub.com\/fr\/wp-json\/wp\/v2\/product\/405390","targetHints":{"allow":["GET"]}}],"collection":[{"href":"https:\/\/romanceclub.com\/fr\/wp-json\/wp\/v2\/product"}],"about":[{"href":"https:\/\/romanceclub.com\/fr\/wp-json\/wp\/v2\/types\/product"}],"wp:featuredmedia":[{"embeddable":true,"href":"https:\/\/romanceclub.com\/fr\/wp-json\/wp\/v2\/media\/405391"}],"wp:attachment":[{"href":"https:\/\/romanceclub.com\/fr\/wp-json\/wp\/v2\/media?parent=405390"}],"wp:term":[{"taxonomy":"product_brand","embeddable":true,"href":"https:\/\/romanceclub.com\/fr\/wp-json\/wp\/v2\/product_brand?post=405390"},{"taxonomy":"product_cat","embeddable":true,"href":"https:\/\/romanceclub.com\/fr\/wp-json\/wp\/v2\/product_cat?post=405390"},{"taxonomy":"product_tag","embeddable":true,"href":"https:\/\/romanceclub.com\/fr\/wp-json\/wp\/v2\/product_tag?post=405390"}],"curies":[{"name":"wp","href":"https:\/\/api.w.org\/{rel}","templated":true}]}}