{"id":407904,"date":"2023-12-19T15:41:08","date_gmt":"2023-12-19T15:41:08","guid":{"rendered":"https:\/\/romanceclub.com\/product\/profit-maximal-3-200-diamants\/"},"modified":"2026-03-27T14:44:41","modified_gmt":"2026-03-27T14:44:41","slug":"profit-maximal-3-200-diamants","status":"publish","type":"product","link":"https:\/\/romanceclub.com\/fr\/produit\/profit-maximal-3-200-diamants\/","title":{"rendered":"Profit maximal ! 3 200 diamants"},"content":{"rendered":"3200 Diamants \u2013 Sticker pour l\u2019application Telegram\n\nLes diamants (cristaux) \ud83d\udc8e dans les Histoires Interactives de Romance Club sont la monnaie principale pour d\u00e9bloquer des fonctionnalit\u00e9s suppl\u00e9mentaires : que ce soit un personnage, une tenue ou une intrigue secondaire. On n\u2019en a jamais trop.  \n\nLes Diamants sont une monnaie virtuelle qui vous permet :\n<ul>\n \t<li>de faire des choix payants qui influencent le sc\u00e9nario<\/li>\n \t<li>de d\u00e9bloquer des intrigues secondaires ou romantiques<\/li>\n \t<li>d&#8217;offrir \u00e0 votre personnage des tenues et coiffures magnifiques, en plus des options gratuites.<\/li>\n<\/ul>\n\nAchetez des diamants et des tasses de th\u00e9 Romance Club. \nSeul notre site officiel vous permet d\u2019acheter les Diamants et Tasses de Th\u00e9 authentiques pour l\u2019application mobile Romance Club. En achetant vos Diamants et Tasses ici, vous gagnez du temps : pas besoin de regarder de publicit\u00e9s pour obtenir des Diamants, ni d\u2019attendre 3 heures pour recharger une Tasse.","protected":false},"excerpt":{"rendered":"<p>On n\u2019a jamais trop de diamants ! <br \/>En achetant 3 200 diamants, vous \u00e9conomisez 43\u202f%!<\/p>\n","protected":false},"featured_media":407905,"template":"","meta":{"_acf_changed":false,"inline_featured_image":false},"product_brand":[],"product_cat":[522,515],"product_tag":[524,523],"class_list":{"0":"post-407904","1":"product","2":"type-product","3":"status-publish","4":"has-post-thumbnail","6":"product_cat-diamants","7":"product_cat-the-et-diamants","8":"product_tag-cristaux","9":"product_tag-diamants","11":"first","12":"instock","13":"downloadable","14":"virtual","15":"sold-individually","16":"purchasable","17":"product-type-simple"},"acf":[],"_links":{"self":[{"href":"https:\/\/romanceclub.com\/fr\/wp-json\/wp\/v2\/product\/407904","targetHints":{"allow":["GET"]}}],"collection":[{"href":"https:\/\/romanceclub.com\/fr\/wp-json\/wp\/v2\/product"}],"about":[{"href":"https:\/\/romanceclub.com\/fr\/wp-json\/wp\/v2\/types\/product"}],"wp:featuredmedia":[{"embeddable":true,"href":"https:\/\/romanceclub.com\/fr\/wp-json\/wp\/v2\/media\/407905"}],"wp:attachment":[{"href":"https:\/\/romanceclub.com\/fr\/wp-json\/wp\/v2\/media?parent=407904"}],"wp:term":[{"taxonomy":"product_brand","embeddable":true,"href":"https:\/\/romanceclub.com\/fr\/wp-json\/wp\/v2\/product_brand?post=407904"},{"taxonomy":"product_cat","embeddable":true,"href":"https:\/\/romanceclub.com\/fr\/wp-json\/wp\/v2\/product_cat?post=407904"},{"taxonomy":"product_tag","embeddable":true,"href":"https:\/\/romanceclub.com\/fr\/wp-json\/wp\/v2\/product_tag?post=407904"}],"curies":[{"name":"wp","href":"https:\/\/api.w.org\/{rel}","templated":true}]}}