{"id":688676,"date":"2026-03-24T06:33:02","date_gmt":"2026-03-24T06:33:02","guid":{"rendered":"https:\/\/romanceclub.com\/?post_type=product&#038;p=688676"},"modified":"2026-03-27T11:21:55","modified_gmt":"2026-03-27T11:21:55","slug":"jeu-de-cartes-v-22-10-cartes","status":"publish","type":"product","link":"https:\/\/romanceclub.com\/fr\/produit\/jeu-de-cartes-v-22-10-cartes\/","title":{"rendered":"Deck # 22<br>[10 Cards]"},"content":{"rendered":"Deck n\u00b0 22.<br>10 cartes \u00e0 collectionner (Deck n\u00b0 22).<br>Ces cartes mettent \u00e0 l\u2019honneur des personnages embl\u00e9matiques du jeu et incluent chacune un message de leur part.<br>Vous pouvez vous les procurer de diff\u00e9rentes fa\u00e7ons : en les achetant dans la boutique du jeu (avec des diamants ou des tr\u00e9sors), en les recevant en cadeau de vos amis, ou encore en les gagnant \u00e0 la roue de la fortune.<br>Les cartes sont publi\u00e9es par decks, et de nouveaux decks sont ajout\u00e9s \u00e0 chaque mise \u00e0 jour.","protected":false},"excerpt":{"rendered":"<p>Cartes \u00e0 Collectionner N\u00b022 (10 pi\u00e8ces). Des personnages embl\u00e9matiques du jeu accompagn\u00e9s de leurs messages. Chaque mise \u00e0 jour du jeu ajoute de nouveaux decks. <\/p>\n","protected":false},"featured_media":688682,"template":"","meta":{"_acf_changed":false,"inline_featured_image":false},"product_brand":[],"product_cat":[519],"product_tag":[521,520],"class_list":{"0":"post-688676","1":"product","2":"type-product","3":"status-publish","4":"has-post-thumbnail","6":"product_cat-extra-fr","7":"product_tag-deck-fr","8":"product_tag-jeu","10":"first","11":"instock","12":"virtual","13":"sold-individually","14":"purchasable","15":"product-type-simple"},"acf":[],"_links":{"self":[{"href":"https:\/\/romanceclub.com\/fr\/wp-json\/wp\/v2\/product\/688676","targetHints":{"allow":["GET"]}}],"collection":[{"href":"https:\/\/romanceclub.com\/fr\/wp-json\/wp\/v2\/product"}],"about":[{"href":"https:\/\/romanceclub.com\/fr\/wp-json\/wp\/v2\/types\/product"}],"wp:featuredmedia":[{"embeddable":true,"href":"https:\/\/romanceclub.com\/fr\/wp-json\/wp\/v2\/media\/688682"}],"wp:attachment":[{"href":"https:\/\/romanceclub.com\/fr\/wp-json\/wp\/v2\/media?parent=688676"}],"wp:term":[{"taxonomy":"product_brand","embeddable":true,"href":"https:\/\/romanceclub.com\/fr\/wp-json\/wp\/v2\/product_brand?post=688676"},{"taxonomy":"product_cat","embeddable":true,"href":"https:\/\/romanceclub.com\/fr\/wp-json\/wp\/v2\/product_cat?post=688676"},{"taxonomy":"product_tag","embeddable":true,"href":"https:\/\/romanceclub.com\/fr\/wp-json\/wp\/v2\/product_tag?post=688676"}],"curies":[{"name":"wp","href":"https:\/\/api.w.org\/{rel}","templated":true}]}}