{"id":688898,"date":"2026-03-24T10:30:26","date_gmt":"2026-03-24T10:30:26","guid":{"rendered":"https:\/\/romanceclub.com\/?post_type=product&#038;p=688898"},"modified":"2026-04-07T09:57:45","modified_gmt":"2026-04-07T09:57:45","slug":"jeu-de-cartes-v-22-10-cartes-%d0%ba%d0%be%d0%bf%d0%b8%d1%80%d0%be%d0%b2%d0%b0%d1%82%d1%8c-%d0%ba%d0%be%d0%bf%d0%b8%d1%80%d0%be%d0%b2%d0%b0%d1%82%d1%8c","status":"publish","type":"product","link":"https:\/\/romanceclub.com\/fr\/produit\/jeu-de-cartes-v-22-10-cartes-%d0%ba%d0%be%d0%bf%d0%b8%d1%80%d0%be%d0%b2%d0%b0%d1%82%d1%8c-%d0%ba%d0%be%d0%bf%d0%b8%d1%80%d0%be%d0%b2%d0%b0%d1%82%d1%8c\/","title":{"rendered":"Pass Gold<br>[ x1 mois ]"},"content":{"rendered":"Abonnement d&#8217;un mois avec recharges quotidiennes. Les ressources inutilis\u00e9es ne s&#8217;empilent pas.\r\nL&#8217;option &#8220;Tout acheter&#8221; restera disponible pour tous les joueurs, quel que soit leur statut d&#8217;abonnement.\r\n\r\n<strong>Choix de primes gratuits :<\/strong> Chaque jour, vous pouvez faire gratuitement un nombre limit\u00e9 de choix premium.\r\n<strong>Choix sans regret <\/strong>: Apr\u00e8s avoir fait un choix premium, vous pouvez l&#8217;annuler et revenir au choix d&#8217;origine. Tous les diamants d\u00e9pens\u00e9s sont rembours\u00e9s.\r\nRemise sur les choix : Une fois les choix de primes gratuits \u00e9puis\u00e9s, vous pouvez effectuer des choix de primes au prix du diamant en b\u00e9n\u00e9ficiant d&#8217;une r\u00e9duction qui augmente avec chaque choix suivant.\r\n<strong>Autres avantages :<\/strong>\r\n&#8211; Toutes les r\u00e9compenses publicitaires sont doubl\u00e9es, vous avez acc\u00e8s \u00e0 l&#8217;ensemble de la collection d&#8217;avatars vivants, \u00e0 la fonction Amis+ et \u00e0 10 emplacements de progression suppl\u00e9mentaires.\r\n&#8211; Le temps de recharge pour une tasse de th\u00e9 est r\u00e9duit \u00e0 2 heures et 15 minutes.\r\n&#8211; Le temps de recharge pour un tour de Roue de la Fortune gratuit est r\u00e9duit de 12 heures \u00e0 8 heures.\r\n&#8211; Les chances de chute des cartes Wishlist sont augment\u00e9es de 30 %.\r\n&#8211; Les r\u00e9compenses d&#8217;ach\u00e8vement de chapitre sont augment\u00e9es de 15 diamants.\r\n&#8211; Possibilit\u00e9 d&#8217;avancer rapidement le dialogue jusqu&#8217;au choix suivant.\r\n&#8211; Possibilit\u00e9 de choisir d&#8217;utiliser les ressources de la passe ou vos propres diamants pour les choix.\r\n\r\n<strong>Contenu exclusif qui sera disponible pour les d\u00e9tenteurs du Gold Pass et ne n\u00e9cessitera pas de diamants :<\/strong>\r\n&#8211; V\u00eatements, coiffure, maquillage et accessoires <em>(mais pas les sc\u00e8nes de l&#8217;histoire, le d\u00e9veloppement des relations avec les serviteurs ou l&#8217;am\u00e9lioration des statistiques).<\/em>","protected":false},"excerpt":{"rendered":"<p>Pass Gold mensuel avec recharges quotidiennes.<\/p>\n","protected":false},"featured_media":688789,"template":"","meta":{"_acf_changed":false,"inline_featured_image":false},"product_brand":[],"product_cat":[519],"product_tag":[697,698,696,692],"class_list":{"0":"post-688898","1":"product","2":"type-product","3":"status-publish","4":"has-post-thumbnail","6":"product_cat-extra-fr","7":"product_tag-gold","8":"product_tag-or","9":"product_tag-pass-2","10":"product_tag-pass","12":"first","13":"instock","14":"virtual","15":"sold-individually","16":"purchasable","17":"product-type-simple"},"acf":[],"_links":{"self":[{"href":"https:\/\/romanceclub.com\/fr\/wp-json\/wp\/v2\/product\/688898","targetHints":{"allow":["GET"]}}],"collection":[{"href":"https:\/\/romanceclub.com\/fr\/wp-json\/wp\/v2\/product"}],"about":[{"href":"https:\/\/romanceclub.com\/fr\/wp-json\/wp\/v2\/types\/product"}],"wp:featuredmedia":[{"embeddable":true,"href":"https:\/\/romanceclub.com\/fr\/wp-json\/wp\/v2\/media\/688789"}],"wp:attachment":[{"href":"https:\/\/romanceclub.com\/fr\/wp-json\/wp\/v2\/media?parent=688898"}],"wp:term":[{"taxonomy":"product_brand","embeddable":true,"href":"https:\/\/romanceclub.com\/fr\/wp-json\/wp\/v2\/product_brand?post=688898"},{"taxonomy":"product_cat","embeddable":true,"href":"https:\/\/romanceclub.com\/fr\/wp-json\/wp\/v2\/product_cat?post=688898"},{"taxonomy":"product_tag","embeddable":true,"href":"https:\/\/romanceclub.com\/fr\/wp-json\/wp\/v2\/product_tag?post=688898"}],"curies":[{"name":"wp","href":"https:\/\/api.w.org\/{rel}","templated":true}]}}