{"id":689435,"date":"2026-03-24T20:10:17","date_gmt":"2026-03-24T20:10:17","guid":{"rendered":"https:\/\/romanceclub.com\/?post_type=product&#038;p=689435"},"modified":"2026-05-08T15:57:41","modified_gmt":"2026-05-08T15:57:41","slug":"pass-or-6-mois","status":"publish","type":"product","link":"https:\/\/romanceclub.com\/fr\/produit\/pass-or-6-mois\/","title":{"rendered":"Pass d&rsquo;Or<br>[ x6 mois ]"},"content":{"rendered":"Un abonnement de 3 mois avec des recharges quotidiennes de ressources. Les ressources non utilis\u00e9es ne se cumulent pas. <br>L&rsquo;option \u00ab\u00a0Tout acheter\u00a0\u00bb restera disponible pour tous les joueurs, qu&rsquo;ils aient un abonnement ou non.<br><br><strong>Choix premium gratuits<\/strong> : Chaque jour, vous pouvez effectuer un nombre limit\u00e9 de choix premium gratuitement.<br><strong>Choix sans regret <\/strong>: Apr\u00e8s avoir fait un choix premium, vous pouvez l&rsquo;annuler et revenir au choix d&rsquo;origine. Tous les diamants d\u00e9pens\u00e9s vous sont rembours\u00e9s. <br>R\u00e9duction sur les choix : Une fois les choix premium gratuits \u00e9puis\u00e9s, vous pouvez effectuer des choix premium payants en diamants avec une r\u00e9duction qui augmente \u00e0 chaque choix suppl\u00e9mentaire.<br><strong>Autres avantages<\/strong> : <br>-Toutes les r\u00e9compenses publicitaires sont doubl\u00e9es, vous avez acc\u00e8s \u00e0 la collection compl\u00e8te d&rsquo;avatars live, \u00e0 la fonction Amis+ et \u00e0 10 emplacements de sauvegarde suppl\u00e9mentaires. <br>&#8211; Le temps de recharge pour une tasse de th\u00e9 est r\u00e9duit \u00e0 2 heures et 15 minutes. <br>&#8211; Le temps de recharge pour un tour gratuit \u00e0 la roue de la fortune est r\u00e9duit de 12 heures \u00e0 8 heures. <br>&#8211; Les chances d&rsquo;obtenir des cartes de votre liste d&rsquo;envies sont augment\u00e9es de 30 %. <br>&#8211; Les r\u00e9compenses de fin de chapitre sont augment\u00e9es de 15 diamants. <br>&#8211; Possibilit\u00e9 d&rsquo;avancer rapidement dans les dialogues jusqu&rsquo;au prochain choix. <br>&#8211; Possibilit\u00e9 de choisir d&rsquo;utiliser les ressources du pass ou vos propres diamants pour les choix.<br><br><strong>Contenu exclusif qui sera disponible pour les d\u00e9tenteurs du Pass Gold et ne n\u00e9cessitera pas de diamants : <br>&#8211; <\/strong>V\u00eatements, coiffures, maquillage et accessoires (<em>mais pas les sc\u00e8nes d&rsquo;histoire, le d\u00e9veloppement des relations avec les personnages secondaires ni l&rsquo;am\u00e9lioration des statistiques).<\/em><br>","protected":false},"excerpt":{"rendered":"<p>Pass de 6 mois avec recharges quotidiennes<\/p>\n","protected":false},"featured_media":688779,"template":"","meta":{"_acf_changed":false,"inline_featured_image":false},"product_brand":[],"product_cat":[519],"product_tag":[697,698,696,692],"class_list":{"0":"post-689435","1":"product","2":"type-product","3":"status-publish","4":"has-post-thumbnail","6":"product_cat-premium","7":"product_tag-gold","8":"product_tag-or","9":"product_tag-pass-2","10":"product_tag-pass","12":"first","13":"instock","14":"virtual","15":"sold-individually","16":"purchasable","17":"product-type-simple"},"acf":[],"_links":{"self":[{"href":"https:\/\/romanceclub.com\/fr\/wp-json\/wp\/v2\/product\/689435","targetHints":{"allow":["GET"]}}],"collection":[{"href":"https:\/\/romanceclub.com\/fr\/wp-json\/wp\/v2\/product"}],"about":[{"href":"https:\/\/romanceclub.com\/fr\/wp-json\/wp\/v2\/types\/product"}],"wp:featuredmedia":[{"embeddable":true,"href":"https:\/\/romanceclub.com\/fr\/wp-json\/wp\/v2\/media\/688779"}],"wp:attachment":[{"href":"https:\/\/romanceclub.com\/fr\/wp-json\/wp\/v2\/media?parent=689435"}],"wp:term":[{"taxonomy":"product_brand","embeddable":true,"href":"https:\/\/romanceclub.com\/fr\/wp-json\/wp\/v2\/product_brand?post=689435"},{"taxonomy":"product_cat","embeddable":true,"href":"https:\/\/romanceclub.com\/fr\/wp-json\/wp\/v2\/product_cat?post=689435"},{"taxonomy":"product_tag","embeddable":true,"href":"https:\/\/romanceclub.com\/fr\/wp-json\/wp\/v2\/product_tag?post=689435"}],"curies":[{"name":"wp","href":"https:\/\/api.w.org\/{rel}","templated":true}]}}