{"id":691309,"date":"2024-07-22T08:48:25","date_gmt":"2024-07-22T08:48:25","guid":{"rendered":"https:\/\/romanceclub.com\/product\/emplacements-de-sauvegarde-supplementaires\/"},"modified":"2026-04-07T10:18:20","modified_gmt":"2026-04-07T10:18:20","slug":"emplacements-de-sauvegarde-supplementaires","status":"publish","type":"product","link":"https:\/\/romanceclub.com\/fr\/produit\/emplacements-de-sauvegarde-supplementaires\/","title":{"rendered":"Emplacements de Sauvegarde Suppl\u00e9mentaires"},"content":{"rendered":"Dix emplacements pour sauvegarder votre progression et explorer diff\u00e9rentes branches de l\u2019histoire.<br>Avec ces emplacements, vous pouvez suivre diff\u00e9rentes trames simultan\u00e9ment. Il suffit de passer de l&#8217;une \u00e0 l&#8217;autre.<br>Les choix diamants d\u00e9bloqu\u00e9s sur un emplacement le sont automatiquement sur tous les autres.<br>Et en jouant sur tous les emplacements, vous accumulez des succ\u00e8s et formez des couples parfaits.<br>\u2764\ufe0f Pourquoi choisir quand vous pouvez avoir tous vos personnages pr\u00e9f\u00e9r\u00e9s \u00e0 la fois ?<br>Amusez-vous bien ! ","protected":false},"excerpt":{"rendered":"<p>Dix emplacements pour sauvegarder votre progression et explorer diff\u00e9rentes branches de l\u2019histoire.<\/p>\n","protected":false},"featured_media":691310,"template":"","meta":{"_acf_changed":false,"inline_featured_image":false},"product_brand":[],"product_cat":[519],"product_tag":[],"class_list":{"0":"post-691309","1":"product","2":"type-product","3":"status-publish","4":"has-post-thumbnail","6":"product_cat-extra-fr","8":"first","9":"instock","10":"virtual","11":"sold-individually","12":"purchasable","13":"product-type-simple"},"acf":[],"_links":{"self":[{"href":"https:\/\/romanceclub.com\/fr\/wp-json\/wp\/v2\/product\/691309","targetHints":{"allow":["GET"]}}],"collection":[{"href":"https:\/\/romanceclub.com\/fr\/wp-json\/wp\/v2\/product"}],"about":[{"href":"https:\/\/romanceclub.com\/fr\/wp-json\/wp\/v2\/types\/product"}],"wp:featuredmedia":[{"embeddable":true,"href":"https:\/\/romanceclub.com\/fr\/wp-json\/wp\/v2\/media\/691310"}],"wp:attachment":[{"href":"https:\/\/romanceclub.com\/fr\/wp-json\/wp\/v2\/media?parent=691309"}],"wp:term":[{"taxonomy":"product_brand","embeddable":true,"href":"https:\/\/romanceclub.com\/fr\/wp-json\/wp\/v2\/product_brand?post=691309"},{"taxonomy":"product_cat","embeddable":true,"href":"https:\/\/romanceclub.com\/fr\/wp-json\/wp\/v2\/product_cat?post=691309"},{"taxonomy":"product_tag","embeddable":true,"href":"https:\/\/romanceclub.com\/fr\/wp-json\/wp\/v2\/product_tag?post=691309"}],"curies":[{"name":"wp","href":"https:\/\/api.w.org\/{rel}","templated":true}]}}