{"id":691514,"date":"2023-12-19T17:10:49","date_gmt":"2023-12-19T17:10:49","guid":{"rendered":"https:\/\/romanceclub.com\/product\/700-diamants\/"},"modified":"2023-12-19T17:10:49","modified_gmt":"2023-12-19T17:10:49","slug":"700-diamants","status":"publish","type":"product","link":"https:\/\/romanceclub.com\/fr\/produit\/700-diamants\/","title":{"rendered":"700 Diamants"},"content":{"rendered":"700 Diamants.\n\nLes diamants (cristaux) \ud83d\udc8e dans les Histoires Interactives de Romance Club sont la monnaie principale pour d\u00e9bloquer des fonctionnalit\u00e9s suppl\u00e9mentaires : que ce soit un personnage, une tenue ou une intrigue secondaire. On n\u2019en a jamais trop. \n\nLes Diamants sont une monnaie virtuelle qui vous permet :\n<ul>\n\t<li> de faire des choix payants qui influencent le sc\u00e9nario,<\/li>\n        <li> de d\u00e9bloquer des intrigues secondaires ou romantiques,<\/li>\n        <li> d&#8217;offrir \u00e0 votre personnage des tenues et coiffures magnifiques, en plus des options gratuites.<\/li>\n<\/ul>\n\nAchetez des Diamants et des Tasses de Th\u00e9 pour Romance Club. Seul notre site officiel vous permet d\u2019acheter les diamants et tasses de th\u00e9 authentiques pour l\u2019application mobile Romance Club. En passant par notre site, vous gagnez du temps : plus besoin de regarder des publicit\u00e9s pour obtenir des diamants, ni d\u2019attendre 3 heures pour recharger une tasse.\n","protected":false},"excerpt":{"rendered":"<p>700 Diamants. Les diamants (ou cristaux) sont la monnaie pr\u00e9cieuse de Romance Club. Offrez-vous des tenues et coiffures exclusives, et d\u00e9bloquez des branches d\u2019intrigues romantiques in\u00e9dites !<\/p>\n","protected":false},"featured_media":691517,"template":"","meta":{"_acf_changed":false,"inline_featured_image":false},"product_brand":[],"product_cat":[522,515],"product_tag":[524,523],"class_list":{"0":"post-691514","1":"product","2":"type-product","3":"status-publish","4":"has-post-thumbnail","6":"product_cat-diamants","7":"product_cat-the-et-diamants","8":"product_tag-cristaux","9":"product_tag-diamants","11":"first","12":"instock","13":"downloadable","14":"virtual","15":"sold-individually","16":"purchasable","17":"product-type-simple"},"acf":[],"_links":{"self":[{"href":"https:\/\/romanceclub.com\/fr\/wp-json\/wp\/v2\/product\/691514","targetHints":{"allow":["GET"]}}],"collection":[{"href":"https:\/\/romanceclub.com\/fr\/wp-json\/wp\/v2\/product"}],"about":[{"href":"https:\/\/romanceclub.com\/fr\/wp-json\/wp\/v2\/types\/product"}],"wp:featuredmedia":[{"embeddable":true,"href":"https:\/\/romanceclub.com\/fr\/wp-json\/wp\/v2\/media\/691517"}],"wp:attachment":[{"href":"https:\/\/romanceclub.com\/fr\/wp-json\/wp\/v2\/media?parent=691514"}],"wp:term":[{"taxonomy":"product_brand","embeddable":true,"href":"https:\/\/romanceclub.com\/fr\/wp-json\/wp\/v2\/product_brand?post=691514"},{"taxonomy":"product_cat","embeddable":true,"href":"https:\/\/romanceclub.com\/fr\/wp-json\/wp\/v2\/product_cat?post=691514"},{"taxonomy":"product_tag","embeddable":true,"href":"https:\/\/romanceclub.com\/fr\/wp-json\/wp\/v2\/product_tag?post=691514"}],"curies":[{"name":"wp","href":"https:\/\/api.w.org\/{rel}","templated":true}]}}