{"id":691537,"date":"2023-12-19T22:17:19","date_gmt":"2023-12-19T22:17:19","guid":{"rendered":"https:\/\/romanceclub.com\/product\/mega-jeu-the-65-tasses\/"},"modified":"2023-12-19T22:17:19","modified_gmt":"2023-12-19T22:17:19","slug":"mega-jeu-the-65-tasses","status":"publish","type":"product","link":"https:\/\/romanceclub.com\/fr\/produit\/mega-jeu-the-65-tasses\/","title":{"rendered":"M\u00e9ga Jeu !!! Th\u00e9, 65 Tasses"},"content":{"rendered":"65 Tasses de Th\u00e9 \u2013 Sticker pour l\u2019application Telegram Le Th\u00e9 ou une Tasse \u2615 dans Romance Club: Histoires Interactives est une autre monnaie en plus des Diamants, qui permet d\u2019ouvrir les \u00c9pisodes d\u2019Histoire. Une Tasse donne acc\u00e8s \u00e0 un \u00c9pisode de votre choix, que vous pouvez lire jusqu\u2019\u00e0 la fin. Pour rejouer un \u00c9pisode, vous aurez de nouveau besoin de notre Th\u00e9 magique.   Les Tasses de Th\u00e9 donnent acc\u00e8s aux \u00e9pisodes d\u2019un roman visuel particulier (\u00e0 l\u2019exception du tout premier \u00e9pisode de la saison 1 de chaque histoire : aucune Tasse n\u2019est d\u00e9duite). Le Th\u00e9 est \u00e9galement requis pour rejouer un \u00e9pisode. Achetez des Diamants et des Tasses de Th\u00e9 de Romance Club. Seul notre site officiel vous permet d\u2019acheter les v\u00e9ritables Diamants et Tasses de Th\u00e9 pour l\u2019application mobile Romance Club. En achetant ici, vous gagnez du temps : pas besoin de regarder des publicit\u00e9s pour obtenir des Diamants ni d\u2019attendre 3 heures pour recharger une Tasse.  ","protected":false},"excerpt":{"rendered":"<p>65 Tasses de Th\u00e9. Le Th\u00e9 est la monnaie du jeu Romance Club, utilis\u00e9e pour d\u00e9bloquer les \u00c9pisodes d\u2019Histoire. Une Tasse permet d\u2019ouvrir un \u00c9pisode de votre choix, que vous pouvez lire jusqu\u2019\u00e0 la fin.  <\/p>\n","protected":false},"featured_media":691539,"template":"","meta":{"_acf_changed":false,"inline_featured_image":false},"product_brand":[],"product_cat":[516,515],"product_tag":[517,518],"class_list":{"0":"post-691537","1":"product","2":"type-product","3":"status-publish","4":"has-post-thumbnail","6":"product_cat-the","7":"product_cat-the-et-diamants","8":"product_tag-tasses","9":"product_tag-the","11":"first","12":"instock","13":"downloadable","14":"virtual","15":"sold-individually","16":"purchasable","17":"product-type-simple"},"acf":[],"_links":{"self":[{"href":"https:\/\/romanceclub.com\/fr\/wp-json\/wp\/v2\/product\/691537","targetHints":{"allow":["GET"]}}],"collection":[{"href":"https:\/\/romanceclub.com\/fr\/wp-json\/wp\/v2\/product"}],"about":[{"href":"https:\/\/romanceclub.com\/fr\/wp-json\/wp\/v2\/types\/product"}],"wp:featuredmedia":[{"embeddable":true,"href":"https:\/\/romanceclub.com\/fr\/wp-json\/wp\/v2\/media\/691539"}],"wp:attachment":[{"href":"https:\/\/romanceclub.com\/fr\/wp-json\/wp\/v2\/media?parent=691537"}],"wp:term":[{"taxonomy":"product_brand","embeddable":true,"href":"https:\/\/romanceclub.com\/fr\/wp-json\/wp\/v2\/product_brand?post=691537"},{"taxonomy":"product_cat","embeddable":true,"href":"https:\/\/romanceclub.com\/fr\/wp-json\/wp\/v2\/product_cat?post=691537"},{"taxonomy":"product_tag","embeddable":true,"href":"https:\/\/romanceclub.com\/fr\/wp-json\/wp\/v2\/product_tag?post=691537"}],"curies":[{"name":"wp","href":"https:\/\/api.w.org\/{rel}","templated":true}]}}