{"id":691544,"date":"2023-12-19T20:22:30","date_gmt":"2023-12-19T20:22:30","guid":{"rendered":"https:\/\/romanceclub.com\/product\/the-le-plus-rentable-170-tasses\/"},"modified":"2023-12-19T20:22:30","modified_gmt":"2023-12-19T20:22:30","slug":"the-le-plus-rentable-170-tasses","status":"publish","type":"product","link":"https:\/\/romanceclub.com\/fr\/produit\/the-le-plus-rentable-170-tasses\/","title":{"rendered":"Th\u00e9 le Plus Rentable, 170 Tasses"},"content":{"rendered":"170 Tasses de Th\u00e9. Le Th\u00e9 ou une Tasse \u2615 dans Romance Club: Histoires Interactives est une autre monnaie, en plus des Diamants, qui permet de d\u00e9bloquer les \u00c9pisodes. \n\nUne Tasse permet d\u2019ouvrir un \u00e9pisode de votre choix, que vous pouvez lire jusqu\u2019\u00e0 la fin. Pour rejouer un \u00e9pisode, vous aurez \u00e0 nouveau besoin de notre Th\u00e9 magique. \n\nLes Tasses de Th\u00e9 vous donnent acc\u00e8s aux \u00e9pisodes d\u2019un roman visuel particulier (\u00e0 l\u2019exception du tout premier \u00e9pisode de la saison 1 de chaque histoire : aucune Tasse n\u2019est d\u00e9duite). \n\nLe Th\u00e9 est \u00e9galement requis pour rejouer un \u00e9pisode.\n\nAchetez des Diamants et des Tasses de Th\u00e9 pour Romance Club. Seul notre site officiel vous permet d\u2019acheter les diamants et tasses de th\u00e9 authentiques pour l\u2019application mobile Romance Club. En passant par notre site, vous gagnez du temps : plus besoin de regarder des publicit\u00e9s pour obtenir des diamants, ni d\u2019attendre 3 heures pour recharger une tasse.","protected":false},"excerpt":{"rendered":"<p>Rechargez vos tasses de th\u00e9 pour une soir\u00e9e cosy avec les Histoires de Romance Club.<br \/>170 \u00e9pisodes de lecture plaisir !<\/p>\n","protected":false},"featured_media":691547,"template":"","meta":{"_acf_changed":false,"inline_featured_image":false},"product_brand":[],"product_cat":[516,515],"product_tag":[517,518],"class_list":{"0":"post-691544","1":"product","2":"type-product","3":"status-publish","4":"has-post-thumbnail","6":"product_cat-the","7":"product_cat-the-et-diamants","8":"product_tag-tasses","9":"product_tag-the","11":"first","12":"instock","13":"featured","14":"virtual","15":"sold-individually","16":"purchasable","17":"product-type-simple"},"acf":[],"_links":{"self":[{"href":"https:\/\/romanceclub.com\/fr\/wp-json\/wp\/v2\/product\/691544","targetHints":{"allow":["GET"]}}],"collection":[{"href":"https:\/\/romanceclub.com\/fr\/wp-json\/wp\/v2\/product"}],"about":[{"href":"https:\/\/romanceclub.com\/fr\/wp-json\/wp\/v2\/types\/product"}],"wp:featuredmedia":[{"embeddable":true,"href":"https:\/\/romanceclub.com\/fr\/wp-json\/wp\/v2\/media\/691547"}],"wp:attachment":[{"href":"https:\/\/romanceclub.com\/fr\/wp-json\/wp\/v2\/media?parent=691544"}],"wp:term":[{"taxonomy":"product_brand","embeddable":true,"href":"https:\/\/romanceclub.com\/fr\/wp-json\/wp\/v2\/product_brand?post=691544"},{"taxonomy":"product_cat","embeddable":true,"href":"https:\/\/romanceclub.com\/fr\/wp-json\/wp\/v2\/product_cat?post=691544"},{"taxonomy":"product_tag","embeddable":true,"href":"https:\/\/romanceclub.com\/fr\/wp-json\/wp\/v2\/product_tag?post=691544"}],"curies":[{"name":"wp","href":"https:\/\/api.w.org\/{rel}","templated":true}]}}