{"id":691553,"date":"2023-12-19T16:13:22","date_gmt":"2023-12-19T16:13:22","guid":{"rendered":"https:\/\/romanceclub.com\/product\/amusons-nous-270-diamants\/"},"modified":"2026-04-13T12:44:06","modified_gmt":"2026-04-13T12:44:06","slug":"amusons-nous-270-diamants","status":"publish","type":"product","link":"https:\/\/romanceclub.com\/fr\/produit\/amusons-nous-270-diamants\/","title":{"rendered":"Amusons-nous ! 270 Diamants"},"content":{"rendered":"270 Diamants \u2014 Sticker pour l\u2019application de messagerie Telegram. Les Diamants dans les jeux Romance Club \ud83d\udc8e sont la monnaie principale permettant de d\u00e9bloquer des fonctionnalit\u00e9s suppl\u00e9mentaires : qu\u2019il s\u2019agisse d\u2019un personnage, d\u2019une tenue ou d\u2019une intrigue secondaire.  On n\u2019en a jamais trop. Les Diamants sont une monnaie virtuelle qui vous permet : <ul>\n \t<li>de faire des choix payants qui influencent le sc\u00e9nario<\/li>\n \t<li>de d\u00e9bloquer des intrigues secondaires ou romantiques<\/li>\n \t<li>d&rsquo;offrir \u00e0 votre personnage des tenues et coiffures magnifiques, en plus des options gratuites.<\/li>\n<\/ul> Achetez des Diamants et des Tasses de Th\u00e9 Romance Club. Seul notre site officiel vous permet d\u2019acheter les v\u00e9ritables diamants et tasses de th\u00e9 pour l\u2019application mobile Romance Club. En les achetant ici, vous gagnez du temps : plus besoin de regarder des publicit\u00e9s pour obtenir des diamants ni d\u2019attendre le rechargement d\u2019une tasse toutes les 3 heures.  ","protected":false},"excerpt":{"rendered":"<p>Les diamants (ou cristaux) sont la monnaie pr\u00e9cieuse de Romance Club. Offrez-vous des tenues et coiffures exclusives, et d\u00e9bloquez des branches d\u2019intrigues romantiques in\u00e9dites !<\/p>\n","protected":false},"featured_media":691555,"template":"","meta":{"_acf_changed":false,"inline_featured_image":false},"product_brand":[],"product_cat":[522,515],"product_tag":[524,523],"class_list":{"0":"post-691553","1":"product","2":"type-product","3":"status-publish","4":"has-post-thumbnail","6":"product_cat-diamants","7":"product_cat-the-et-diamants","8":"product_tag-cristaux","9":"product_tag-diamants","11":"first","12":"instock","13":"downloadable","14":"virtual","15":"sold-individually","16":"purchasable","17":"product-type-simple"},"acf":[],"_links":{"self":[{"href":"https:\/\/romanceclub.com\/fr\/wp-json\/wp\/v2\/product\/691553","targetHints":{"allow":["GET"]}}],"collection":[{"href":"https:\/\/romanceclub.com\/fr\/wp-json\/wp\/v2\/product"}],"about":[{"href":"https:\/\/romanceclub.com\/fr\/wp-json\/wp\/v2\/types\/product"}],"wp:featuredmedia":[{"embeddable":true,"href":"https:\/\/romanceclub.com\/fr\/wp-json\/wp\/v2\/media\/691555"}],"wp:attachment":[{"href":"https:\/\/romanceclub.com\/fr\/wp-json\/wp\/v2\/media?parent=691553"}],"wp:term":[{"taxonomy":"product_brand","embeddable":true,"href":"https:\/\/romanceclub.com\/fr\/wp-json\/wp\/v2\/product_brand?post=691553"},{"taxonomy":"product_cat","embeddable":true,"href":"https:\/\/romanceclub.com\/fr\/wp-json\/wp\/v2\/product_cat?post=691553"},{"taxonomy":"product_tag","embeddable":true,"href":"https:\/\/romanceclub.com\/fr\/wp-json\/wp\/v2\/product_tag?post=691553"}],"curies":[{"name":"wp","href":"https:\/\/api.w.org\/{rel}","templated":true}]}}