{"id":692356,"date":"2024-01-02T00:41:41","date_gmt":"2024-01-02T00:41:41","guid":{"rendered":"https:\/\/romanceclub.com\/product\/fleur-du-feu-de-tiamat\/"},"modified":"2024-01-02T00:41:41","modified_gmt":"2024-01-02T00:41:41","slug":"fleur-du-feu-de-tiamat","status":"publish","type":"product","link":"https:\/\/romanceclub.com\/fr\/produit\/fleur-du-feu-de-tiamat\/","title":{"rendered":"Fleur du Feu de Tiamat"},"content":{"rendered":"La jeune Nikkal part \u00e0 la recherche de son fr\u00e8re disparu. Elle devra renouer avec une magie oubli\u00e9e, combattre des cr\u00e9atures des for\u00eats et ses propres d\u00e9mons, suivre la piste d&rsquo;un myst\u00e9rieux culte et d\u00e9couvrir la v\u00e9rit\u00e9 sur les dieux anciens.\nAux c\u00f4t\u00e9s de Niall, le recteur de l&rsquo;acad\u00e9mie de magie, et de Sin, un puissant \u00e9tranger venu de la for\u00eat, Nikkal percera les secrets du pass\u00e9 de sa famille et tentera d&#8217;emp\u00eacher une catastrophe imminente. ","protected":false},"excerpt":{"rendered":"<p>Livre \u00a0\u00bbFleur du Feu de Tiamat\u00a0\u00bb<br \/>\nFabricant : \u00ab AST \u00bb.<br \/>\nSous licence de Your Story Interactive SRL \u00ab Romance Club \u00bb<\/p>\n","protected":false},"featured_media":692371,"template":"","meta":{"_acf_changed":false,"inline_featured_image":false},"product_brand":[],"product_cat":[624,593],"product_tag":[660,659,644,657,658,656,661],"class_list":{"0":"post-692356","1":"product","2":"type-product","3":"status-publish","4":"has-post-thumbnail","6":"product_cat-divers","7":"product_cat-livres","8":"product_tag-fftf","9":"product_tag-kingu","10":"product_tag-livre","11":"product_tag-niall","12":"product_tag-nikkal","13":"product_tag-tiamat","14":"product_tag-ursa","16":"first","17":"instock","18":"sold-individually","19":"shipping-taxable","20":"product-type-simple"},"acf":[],"_links":{"self":[{"href":"https:\/\/romanceclub.com\/fr\/wp-json\/wp\/v2\/product\/692356","targetHints":{"allow":["GET"]}}],"collection":[{"href":"https:\/\/romanceclub.com\/fr\/wp-json\/wp\/v2\/product"}],"about":[{"href":"https:\/\/romanceclub.com\/fr\/wp-json\/wp\/v2\/types\/product"}],"wp:featuredmedia":[{"embeddable":true,"href":"https:\/\/romanceclub.com\/fr\/wp-json\/wp\/v2\/media\/692371"}],"wp:attachment":[{"href":"https:\/\/romanceclub.com\/fr\/wp-json\/wp\/v2\/media?parent=692356"}],"wp:term":[{"taxonomy":"product_brand","embeddable":true,"href":"https:\/\/romanceclub.com\/fr\/wp-json\/wp\/v2\/product_brand?post=692356"},{"taxonomy":"product_cat","embeddable":true,"href":"https:\/\/romanceclub.com\/fr\/wp-json\/wp\/v2\/product_cat?post=692356"},{"taxonomy":"product_tag","embeddable":true,"href":"https:\/\/romanceclub.com\/fr\/wp-json\/wp\/v2\/product_tag?post=692356"}],"curies":[{"name":"wp","href":"https:\/\/api.w.org\/{rel}","templated":true}]}}