{"id":692374,"date":"2024-01-01T23:34:17","date_gmt":"2024-01-01T23:34:17","guid":{"rendered":"https:\/\/romanceclub.com\/product\/le-secret-du-ciel-la-pomme-de-la-discorde\/"},"modified":"2024-01-01T23:34:17","modified_gmt":"2024-01-01T23:34:17","slug":"le-secret-du-ciel-la-pomme-de-la-discorde","status":"publish","type":"product","link":"https:\/\/romanceclub.com\/fr\/produit\/le-secret-du-ciel-la-pomme-de-la-discorde\/","title":{"rendered":"Le Secret du Ciel : La Pomme de la Discorde"},"content":{"rendered":"Vicky Walker \u2013 Non-Reconnue.\n\nC&#8217;est ainsi que l&#8217;on nomme ceux qui, apr\u00e8s leur mort, se retrouvent \u00e0 l&#8217;acad\u00e9mie des anges et des d\u00e9mons, mais n&#8217;ont encore rejoint aucun camp. L&#8217;atmosph\u00e8re y est tendue \u00e0 l&#8217;extr\u00eame, et seul le vainqueur du Tournoi du Savoir pourra mettre fin \u00e0 ce conflit qui s&#8217;\u00e9ternise.\nTrois \u00e9preuves l&#8217;attendent, chacune plus redoutable que la pr\u00e9c\u00e9dente. Et Vicky est la premi\u00e8re Non-Reconnue \u00e0 figurer sur la liste des participants.  \n\nParviendra-t-elle \u00e0 aller jusqu&#8217;au bout sans se renier ?\n\n","protected":false},"excerpt":{"rendered":"<p>Le livre \u00ab Le Secret du Ciel : La Pomme de la Discorde \u00bb.<br \/>\nFabricant : \u00ab AST \u00bb.<br \/>\nSous licence de Your Story Interactive SRL \u00ab Romance Club<\/p>\n","protected":false},"featured_media":692381,"template":"","meta":{"_acf_changed":false,"inline_featured_image":false},"product_brand":[],"product_cat":[624,593],"product_tag":[664,663,662,644,642,646,643,645],"class_list":{"0":"post-692374","1":"product","2":"type-product","3":"status-publish","4":"has-post-thumbnail","6":"product_cat-divers","7":"product_cat-livres","8":"product_tag-alisa","9":"product_tag-apple","10":"product_tag-hs","11":"product_tag-livre","12":"product_tag-lucifer","13":"product_tag-malbonte","14":"product_tag-mimi","15":"product_tag-vicky","17":"first","18":"instock","19":"sold-individually","20":"shipping-taxable","21":"product-type-simple"},"acf":[],"_links":{"self":[{"href":"https:\/\/romanceclub.com\/fr\/wp-json\/wp\/v2\/product\/692374","targetHints":{"allow":["GET"]}}],"collection":[{"href":"https:\/\/romanceclub.com\/fr\/wp-json\/wp\/v2\/product"}],"about":[{"href":"https:\/\/romanceclub.com\/fr\/wp-json\/wp\/v2\/types\/product"}],"wp:featuredmedia":[{"embeddable":true,"href":"https:\/\/romanceclub.com\/fr\/wp-json\/wp\/v2\/media\/692381"}],"wp:attachment":[{"href":"https:\/\/romanceclub.com\/fr\/wp-json\/wp\/v2\/media?parent=692374"}],"wp:term":[{"taxonomy":"product_brand","embeddable":true,"href":"https:\/\/romanceclub.com\/fr\/wp-json\/wp\/v2\/product_brand?post=692374"},{"taxonomy":"product_cat","embeddable":true,"href":"https:\/\/romanceclub.com\/fr\/wp-json\/wp\/v2\/product_cat?post=692374"},{"taxonomy":"product_tag","embeddable":true,"href":"https:\/\/romanceclub.com\/fr\/wp-json\/wp\/v2\/product_tag?post=692374"}],"curies":[{"name":"wp","href":"https:\/\/api.w.org\/{rel}","templated":true}]}}