{"id":694946,"date":"2026-04-01T18:56:39","date_gmt":"2026-04-01T18:56:39","guid":{"rendered":"https:\/\/romanceclub.com\/?post_type=product&#038;p=694946"},"modified":"2026-04-09T22:30:17","modified_gmt":"2026-04-09T22:30:17","slug":"pass-premium-12-mois","status":"publish","type":"product","link":"https:\/\/romanceclub.com\/fr\/produit\/pass-premium-12-mois\/","title":{"rendered":"Pass Premium<br>[ x12 mois ]"},"content":{"rendered":"Un abonnement de 12 mois avec des recharges de ressources quotidiennes. Les ressources non utilis\u00e9es ne se cumulent pas.\r\nL&#8217;option &#8220;Tout acheter&#8221; restera disponible pour tous les joueurs, qu&#8217;ils aient un abonnement ou non.\r\n\r\n<strong>Choix premium gratuits : <\/strong>Chaque jour, vous pouvez faire gratuitement un nombre limit\u00e9 de choix premium.\r\n<strong>Des choix sans regret : <\/strong>Apr\u00e8s avoir fait un choix premium, vous pouvez l&#8217;annuler et revenir au choix initial. Tous les diamants d\u00e9pens\u00e9s vous sont rembours\u00e9s.\r\nDiscounts sur les choix : Une fois les choix de primes gratuits \u00e9puis\u00e9s, vous pouvez effectuer des choix de primes au prix du diamant en b\u00e9n\u00e9ficiant d&#8217;une remise qui augmente avec chaque choix suivant.\r\nAutres avantages :\r\n&#8211; Toutes les r\u00e9compenses publicitaires sont doubl\u00e9es et vous avez acc\u00e8s \u00e0 du contenu d&#8217;histoire exclusif dans les \u00e9pisodes.\r\n&#8211; Le temps de recharge pour une tasse de th\u00e9 est r\u00e9duit \u00e0 2 heures et 30 minutes.\r\n&#8211; Le temps de recharge pour un tour gratuit \u00e0 la roue de la fortune est r\u00e9duit de 12 heures \u00e0 8 heures.\r\n&#8211; Les chances d&#8217;obtenir des cartes de votre liste d&#8217;envies sont augment\u00e9es de 20 %.\r\n&#8211; Les r\u00e9compenses de fin de chapitre sont augment\u00e9es de 15 diamants.\r\n&#8211; Possibilit\u00e9 d&#8217;avancer rapidement dans les dialogues jusqu&#8217;au prochain choix.\r\n&#8211; Possibilit\u00e9 de choisir d&#8217;utiliser les ressources du pass ou vos propres diamants pour les choix.\r\n\r\n<strong>Contenu exclusif qui sera disponible pour les d\u00e9tenteurs du Pass Premium et ne n\u00e9cessitera pas de diamants :<\/strong>\r\n&#8211; V\u00eatements, coiffures, maquillage et accessoires (<em>mais pas les sc\u00e8nes d&#8217;histoire, le d\u00e9veloppement des relations avec les personnages secondaires ni l&#8217;am\u00e9lioration des statistiques).<\/em>","protected":false},"excerpt":{"rendered":"<p>Pass Premium annuel avec recharges quotidiennes.<\/p>\n","protected":false},"featured_media":688734,"template":"","meta":{"_acf_changed":false,"inline_featured_image":false},"product_brand":[],"product_cat":[519],"product_tag":[692,693],"class_list":{"0":"post-694946","1":"product","2":"type-product","3":"status-publish","4":"has-post-thumbnail","6":"product_cat-extra-fr","7":"product_tag-pass","8":"product_tag-premium","10":"first","11":"instock","12":"virtual","13":"sold-individually","14":"purchasable","15":"product-type-simple"},"acf":[],"_links":{"self":[{"href":"https:\/\/romanceclub.com\/fr\/wp-json\/wp\/v2\/product\/694946","targetHints":{"allow":["GET"]}}],"collection":[{"href":"https:\/\/romanceclub.com\/fr\/wp-json\/wp\/v2\/product"}],"about":[{"href":"https:\/\/romanceclub.com\/fr\/wp-json\/wp\/v2\/types\/product"}],"wp:featuredmedia":[{"embeddable":true,"href":"https:\/\/romanceclub.com\/fr\/wp-json\/wp\/v2\/media\/688734"}],"wp:attachment":[{"href":"https:\/\/romanceclub.com\/fr\/wp-json\/wp\/v2\/media?parent=694946"}],"wp:term":[{"taxonomy":"product_brand","embeddable":true,"href":"https:\/\/romanceclub.com\/fr\/wp-json\/wp\/v2\/product_brand?post=694946"},{"taxonomy":"product_cat","embeddable":true,"href":"https:\/\/romanceclub.com\/fr\/wp-json\/wp\/v2\/product_cat?post=694946"},{"taxonomy":"product_tag","embeddable":true,"href":"https:\/\/romanceclub.com\/fr\/wp-json\/wp\/v2\/product_tag?post=694946"}],"curies":[{"name":"wp","href":"https:\/\/api.w.org\/{rel}","templated":true}]}}