{"id":313713,"date":"2023-11-20T08:50:27","date_gmt":"2023-11-20T08:50:27","guid":{"rendered":"https:\/\/romanceclub.com\/platnosci-i-gwarancje\/"},"modified":"2025-03-17T23:17:09","modified_gmt":"2025-03-17T23:17:09","slug":"platnosci-i-gwarancje","status":"publish","type":"page","link":"https:\/\/romanceclub.com\/pl\/platnosci-i-gwarancje\/","title":{"rendered":"P\u0142atno\u015bci i gwarancje"},"content":{"rendered":"<div class=\"gb-container gb-container-ba828f98 row\">\n<div class=\"gb-container gb-container-c94df252 col-12\">\n<div class=\"gb-container gb-container-c956a6c5 help-header flex items-center mt-42 gap-30 sm_mt-20\">\n<div class=\"gb-container gb-container-f0c29b0c help-header-title flex items-center mr-auto gap-15\">\n<div class=\"gb-container gb-container-77b0dd7e help-header-title-icon brand-2-color hide-sm\">\n\n<svg xmlns=\"http:\/\/www.w3.org\/2000\/svg\" xmlns:xlink=\"http:\/\/www.w3.org\/1999\/xlink\" width=\"30\" height=\"26\">\n<use xlink:href=\"\/wp-content\/uploads\/2023\/11\/sprite.svg#icons-how-to-buy\"><\/use>\n<\/svg>\n\n<\/div>\n\n<div class=\"gb-container gb-container-daa0c47b help-header-title-text secondary-dark-color font-24 font-bold\">\n\n<p class=\"m-0\">Jak zap\u0142aci\u0107 za zakup i nasze gwarancje<\/p>\n\n<\/div>\n<\/div>\n<\/div>\n<\/div>\n<\/div><div class=\"gb-container gb-container-ee28b44f row\">\n<div class=\"gb-container gb-container-66a273bd col-4 col-md-6 col-sm-12\">\n<div class=\"gb-container gb-container-13a6d25e part-area flex flex-col gap-20\">\n<div class=\"gb-container gb-container-96345dae part-logo text-center\">\n<picture><source\n\t\t\t\t\tsrcset=\"\/wp-content\/uploads\/2024\/06\/\u041b\u043e\u0433\u043e\u0442\u0438\u043f_\u042eKassa-1.png\"\n\t\t\t\t\ttype=\"image\/png\"\n\t\t\t\t><img\n\t\t\t\tsrc=\"\/wp-content\/uploads\/2024\/06\/\u041b\u043e\u0433\u043e\u0442\u0438\u043f_\u042eKassa-1.png\"loading=\"lazy\"\n\t\t\t><\/picture>\n\n<\/div>\n\n<div class=\"gb-container gb-container-42bf6f4e part-title\">\n\n<p class=\"m-0\">YooKassa<\/p>\n\n<\/div>\n\n<div class=\"gb-container gb-container-73676890 part-desc\">\n\n<p class=\"m-0\">Uniwersalne rozwi\u0105zanie umo\u017cliwiaj\u0105ce akceptacj\u0119 p\u0142atno\u015bci online. Zobacz, jak \u0142atwo jest p\u0142aci\u0107! Kliknij przycisk \u201eZap\u0142a\u0107\u201d, a zobaczysz nasz\u0105 stron\u0119 p\u0142atno\u015bci.  <\/p>\n\n<\/div>\n\n\n<a class=\"part-link mt-auto\" href=\"\/\/yookassa.ru\/\">\n<svg xmlns=\"http:\/\/www.w3.org\/2000\/svg\" xmlns:xlink=\"http:\/\/www.w3.org\/1999\/xlink\" width=\"22\" height=\"21\">\n<use xlink:href=\"\/wp-content\/uploads\/2023\/11\/sprite.svg#link\"><\/use>\n<\/svg><span>www.yookassa.ru<\/span><\/a>\n\n<\/div>\n<\/div>\n\n<div class=\"gb-container gb-container-e731ed1a col-4 col-md-6 col-sm-12\">\n<div class=\"gb-container gb-container-c4670b96 part-area flex flex-col gap-20\">\n<div class=\"gb-container gb-container-806c0123 part-logo text-center\">\n<picture><source\n\t\t\t\t\tsrcset=\"\/wp-content\/uploads\/2023\/11\/logo-corvus-pay.svg\"\n\t\t\t\t\ttype=\"image\/svg\"\n\t\t\t\t><img\n\t\t\t\tsrc=\"\/wp-content\/uploads\/2023\/11\/logo-corvus-pay.svg\"loading=\"lazy\"\n\t\t\t><\/picture>\n\n<\/div>\n\n<div class=\"gb-container gb-container-5d77a8d8 part-title\">\n\n<p class=\"m-0\">CorvusPay (Worldwide)<\/p>\n\n<\/div>\n\n<div class=\"gb-container gb-container-0f99fa32 part-desc\">\n\n<p class=\"m-0\">Dokonuj szybszych i bezproblemowych p\u0142atno\u015bci, za pomoc\u0105 kilku klikni\u0119\u0107, bez wpisywania danych, we wszystkich punktach sprzeda\u017cy, kt\u00f3re akceptuj\u0105 metod\u0119 p\u0142atno\u015bci CorvusWallet. \u015aled\u017a swoje wydatki online w jednym miejscu. <\/p>\n\n<\/div>\n\n\n<a class=\"part-link mt-auto\" href=\"\/\/www.corvuspay.com\/\">\n<svg xmlns=\"http:\/\/www.w3.org\/2000\/svg\" xmlns:xlink=\"http:\/\/www.w3.org\/1999\/xlink\" width=\"22\" height=\"21\">\n<use xlink:href=\"\/wp-content\/uploads\/2023\/11\/sprite.svg#link\"><\/use>\n<\/svg><span>www.corvuspay.com<\/span><\/a>\n\n<\/div>\n<\/div>\n\n<div class=\"gb-container gb-container-239c834b col-4 col-md-6 col-sm-12\">\n<div class=\"gb-container gb-container-a8bfb985 part-area flex flex-col gap-20\">\n<div class=\"gb-container gb-container-c219d12d part-logo text-center\">\n<picture><source\n\t\t\t\t\tsrcset=\"\/wp-content\/uploads\/2023\/11\/logo-pay-pal.svg\"\n\t\t\t\t\ttype=\"image\/svg\"\n\t\t\t\t><img\n\t\t\t\tsrc=\"\/wp-content\/uploads\/2023\/11\/logo-pay-pal.svg\"loading=\"lazy\"\n\t\t\t><\/picture>\n\n<\/div>\n\n<div class=\"gb-container gb-container-d6a639b9 part-title\">\n\n<p class=\"m-0\">PayPal (Worldwide)<\/p>\n\n<\/div>\n\n<div class=\"gb-container gb-container-9578fdce part-desc\">\n\n<p class=\"m-0\">Szybko i \u0142atwo. Miliony klient\u00f3w na ca\u0142ym \u015bwiecie korzystaj\u0105 z nas z jednego prostego powodu: to proste. Tylko adres e-mail i has\u0142o pozwol\u0105 Ci przej\u015b\u0107 do kasy, zanim si\u0119gniesz po portfel.  <\/p>\n\n<\/div>\n\n\n<a class=\"part-link mt-auto\" href=\"\/\/www.paypal.com\/\">\n<svg xmlns=\"http:\/\/www.w3.org\/2000\/svg\" xmlns:xlink=\"http:\/\/www.w3.org\/1999\/xlink\" width=\"22\" height=\"21\">\n<use xlink:href=\"\/wp-content\/uploads\/2023\/11\/sprite.svg#link\"><\/use>\n<\/svg><span>www.paypal.com<\/span><\/a>\n\n<\/div>\n<\/div>\n<\/div><div class=\"gb-container gb-container-d71be321 row\">\n<div class=\"gb-container gb-container-454121df col-12 col-md-12\">\n<div class=\"gb-container gb-container-98de9bc8 help-block-wrap-2\">\n<div class=\"gb-container gb-container-2eaaf39a help-block-2 light-1-bg p-30 radius-26 flex gap-42 mt-50 md_mt-20\">\n<div class=\"gb-container gb-container-d8f15d9b help-block-icon self-center\">\n<picture><source\n\t\t\t\t\tsrcset=\"\/wp-content\/uploads\/2023\/11\/icons-agreement.svg\"\n\t\t\t\t\ttype=\"image\/svg\"\n\t\t\t\t><img\n\t\t\t\tsrc=\"\/wp-content\/uploads\/2023\/11\/icons-agreement.svg\"loading=\"lazy\"\n\t\t\t><\/picture>\n\n<\/div>\n\n<div class=\"gb-container gb-container-29b6c94a help-block-2-right flex flex-col gap-10\">\n<div class=\"gb-container gb-container-7bfc3378 help-block-2-title font-24 font-bold secondary-dark-color\">\n\n<p class=\"m-0\">Porozumienie<\/p>\n\n<\/div>\n\n\n<p class=\"help-block-2-text par-1-2 m-0\">Dokonuj\u0105c p\u0142atno\u015bci na stronie internetowej RomanceClub.com, zgadzasz si\u0119 i akceptujesz warunki zwrotu towar\u00f3w zgodnie z ust. 2 art. 26.1 Ustawy o prawach konsument\u00f3w. <\/p>\n\n<\/div>\n<\/div>\n<\/div>\n<\/div>\n<\/div><div class=\"gb-container gb-container-21ff35ac row\">\n<div class=\"gb-container gb-container-8529d095 col-12\">\n<div class=\"gb-container gb-container-0ed53b4f heading-1 help-uid-title mt-90 sm_mt-50 secondary-dark-color text-center\">\n\n<p class=\"m-0\">Tylko 3 klikni\u0119cia<\/p>\n\n<\/div>\n<\/div>\n<\/div><div class=\"gb-container gb-container-e70ddbd0 row\">\n<div class=\"gb-container gb-container-61c9e2c5 col-10 col-offset-1\">\n\n<p class=\"help-uid-text text-center text-balance par-1\">Je\u015bli przy zakupie naklejek podasz sw\u00f3j UID gry (jak to zrobi\u0107, pokazano poni\u017cej), przelejemy na Twoje konto w grze odpowiedni\u0105 ilo\u015b\u0107 herbaty, diament\u00f3w lub innych d\u00f3br cyfrowych jako bonus. <mark style=\"background-color:rgba(0, 0, 0, 0);color:#674991\" class=\"has-inline-color\">UID nale\u017cy skopiowa\u0107 w nast\u0119puj\u0105cy spos\u00f3b:<\/mark><\/p>\n\n<\/div>\n<\/div><div class=\"gb-container gb-container-35dd30f9 row\">\n<div class=\"gb-container gb-container-40256bc8 col-12\">\n<div class=\"gb-container gb-container-6cd667e3 help-screens-wrap\">\n<div class=\"gb-container gb-container-1b8ccbda help-screens light-1-bg pt-65 pb-60 px-60 radius-26 mt-30\">\n<div class=\"gb-container gb-container-86c2a38e help-screens-wrap flex justify-between\">\n<div class=\"gb-container gb-container-655b0a73 help-screen help-screen-1\">\n<picture><source\n\t\t\t\t\tsrcset=\"\/wp-content\/uploads\/2023\/11\/images-uid-uid-1.webp, \/wp-content\/uploads\/2023\/11\/images-uid-uid-1@2x.webp 2x\"\n\t\t\t\t\ttype=\"image\/webp\"\n\t\t\t\t><source\n\t\t\t\t\tsrcset=\"\/wp-content\/uploads\/2023\/11\/images-uid-uid-1.png, \/wp-content\/uploads\/2023\/11\/images-uid-uid-1@2x.png 2x\"\n\t\t\t\t\ttype=\"image\/png\"\n\t\t\t\t><img\n\t\t\t\tsrc=\"\/wp-content\/uploads\/2023\/11\/images-uid-uid-1.png\"loading=\"lazy\"\n\t\t\t><\/picture>\n\n\n<div class=\"gb-container gb-container-7b488bbe help-screen-text\">\n\n<p class=\"m-0\">Na ekranie g\u0142\u00f3wnym wybierz \u201eUstawienia\u201d<\/p>\n\n<\/div>\n<\/div>\n\n<div class=\"gb-container gb-container-1430b921 help-screen help-screen-2\">\n<picture><source\n\t\t\t\t\tsrcset=\"\/wp-content\/uploads\/2023\/11\/images-uid-uid-2.webp, \/wp-content\/uploads\/2023\/11\/images-uid-uid-2@2x.webp 2x\"\n\t\t\t\t\ttype=\"image\/webp\"\n\t\t\t\t><source\n\t\t\t\t\tsrcset=\"\/wp-content\/uploads\/2023\/11\/images-uid-uid-2.png, \/wp-content\/uploads\/2023\/11\/images-uid-uid-2@2x.png 2x\"\n\t\t\t\t\ttype=\"image\/png\"\n\t\t\t\t><img\n\t\t\t\tsrc=\"\/wp-content\/uploads\/2023\/11\/images-uid-uid-2.png\"loading=\"lazy\"\n\t\t\t><\/picture>\n\n\n<div class=\"gb-container gb-container-2c6b41b0 help-screen-text\">\n\n<p class=\"m-0\">W oknie pop-up wybierz \u201eNarz\u0119dzia\u201d<\/p>\n\n<\/div>\n<\/div>\n\n<div class=\"gb-container gb-container-b26c55e4 help-screen help-screen-3\">\n<picture><source\n\t\t\t\t\tsrcset=\"\/wp-content\/uploads\/2023\/11\/images-uid-uid-3.webp, \/wp-content\/uploads\/2023\/11\/images-uid-uid-3@2x.webp 2x\"\n\t\t\t\t\ttype=\"image\/webp\"\n\t\t\t\t><source\n\t\t\t\t\tsrcset=\"\/wp-content\/uploads\/2023\/11\/images-uid-uid-3.png, \/wp-content\/uploads\/2023\/11\/images-uid-uid-3@2x.png 2x\"\n\t\t\t\t\ttype=\"image\/png\"\n\t\t\t\t><img\n\t\t\t\tsrc=\"\/wp-content\/uploads\/2023\/11\/images-uid-uid-3.png\"loading=\"lazy\"\n\t\t\t><\/picture>\n\n\n<div class=\"gb-container gb-container-9169fcae help-screen-text\">\n\n<p class=\"m-0\">W oknie pop-up wybierz \u201eKopiuj UID\u201d<\/p>\n\n<\/div>\n<\/div>\n<\/div>\n\n\n<p class=\"help-screens-text text-balance par-1 mt-50 text-center\">Naliczenie bonus\u00f3w do gry za zakup naklejki jest mo\u017cliwe wy\u0142\u0105cznie po podaniu prawid\u0142owego identyfikatora UID w polu \u201eWska\u017c sw\u00f3j UID\u201d podczas dokonywania zakupu.<br\/>Pole \u201eWprowad\u017a sw\u00f3j UID\u201d nie powinno zawiera\u0107 \u017cadnych dodatkowych znak\u00f3w, a jedynie Tw\u00f3j UID.<\/p>\n\n<\/div>\n<\/div>\n<\/div>\n<\/div><div class=\"gb-container gb-container-858f4004 row\">\n<div class=\"gb-container gb-container-cc4cdc4d col-12\">\n\n<h2 class=\"wp-block-heading heading-1 text-center mt-70\">Udanych zakup\u00f3w i mi\u0142ej gry!<\/h2>\n\n<\/div>\n<\/div><div class=\"gb-container gb-container-40d418cb row mt-42\">\n<div class=\"gb-container gb-container-3db5fdb6 col-8 col-md-12 col-lg-12\">\n<div class=\"gb-container gb-container-af7a0ba4 help-support-wrap\">\n<div class=\"gb-container gb-container-ea4f1708 help-support p-42 light-1-bg radius-26\">\n<div class=\"gb-container gb-container-fdf0e2b7 help-support-title font-35 secondary-dark-color font-bold\">\n\n<p class=\"m-0\">Potrzebujesz pomocy?<\/p>\n\n<\/div>\n\n<div class=\"gb-container gb-container-f39e5cd6 help-support-footer flex items-center mt-20\">\n\n<p class=\"help-support-text flex-1 par-1 m-0\">Je\u015bli masz jakie\u015b pytania, skontaktuj si\u0119 z obs\u0142ug\u0105 sklepu<\/p>\n\n\n<div class=\"gb-container gb-container-5f63bdb3 help-support-link flex-shrink-0\">\n\n<a class=\"btn btn-dark\" href=\"mailto:shop@playmgt.com\">Napisz do nas<\/a>\n\n<\/div>\n<\/div>\n<\/div>\n<\/div>\n<\/div>\n\n<div class=\"gb-container gb-container-a45f1f0f col-4 col-md-12 col-lg-12\">\n<div class=\"gb-container gb-container-426189ff social-area-wrap\">\n<div class=\"gb-container gb-container-a0a9427f social-area p-42 light-1-bg radius-26\">\n<div class=\"gb-container gb-container-38bed699 social-header\">\n<div class=\"gb-container gb-container-dd40116d social-title text-xxl\">\n\n<p class=\"m-0\">\u041c\u044b \u0432 \u0441\u043e\u0446\u0438\u0430\u043b\u044c\u043d\u044b\u0445 \u0441\u0435\u0442\u044f\u0445<\/p>\n\n<\/div>\n\n<div class=\"gb-container gb-container-395b547f social-text text-medium mt-10\">\n\n<p class=\"m-0\">\u0411\u0443\u0434\u044c\u0442\u0435 \u0432\u0441\u0435\u0433\u0434\u0430 \u0440\u044f\u0434\u043e\u043c<\/p>\n\n<\/div>\n<\/div>\n\n<div class=\"gb-container gb-container-9c6fd2aa social-links mt-20 flex gap-10 md_mt-0\">\n<a\n\t\t\t\tclass=\"btn-social\"\n\t\t\t\thref=\"https:\/\/vk.com\/romanceclubofficial\"\n\t\t\t\ttitle=\"\u0412\u041a\u043e\u043d\u0442\u0430\u043a\u0442\u0435\"\n\t\t\t\ttarget=\"__blank\"\n\t\t\t\trel=\"noopener\"\n\t\t\t><img\n\t\t\t\t\tsrc=\"https:\/\/romanceclub.com\/wp-content\/uploads\/2023\/11\/buttons-social-vk-default.svg\"\n\t\t\t\t\talt=\"Vkontakte\"\n\t\t\t\t\twidth=\"36\"\n\t\t\t\t\theight=\"36\"\n\t\t\t\t><\/a><a\n\t\t\t\tclass=\"btn-social\"\n\t\t\t\thref=\"https:\/\/t.me\/official_romanceclub\"\n\t\t\t\ttitle=\"Telegram\"\n\t\t\t\ttarget=\"__blank\"\n\t\t\t\trel=\"noopener\"\n\t\t\t><img\n\t\t\t\t\tsrc=\"https:\/\/romanceclub.com\/wp-content\/uploads\/2023\/11\/buttons-social-tl-default.svg\"\n\t\t\t\t\talt=\"Telegram\"\n\t\t\t\t\twidth=\"36\"\n\t\t\t\t\theight=\"36\"\n\t\t\t\t><\/a><a\n\t\t\t\tclass=\"btn-social\"\n\t\t\t\thref=\"https:\/\/www.tiktok.com\/discover\/%D0%9A%D0%BB%D1%83%D0%B1-%D1%80%D0%BE%D0%BC%D0%B0%D0%BD%D1%82%D0%B8%D0%BA%D0%B8\"\n\t\t\t\ttitle=\"TikTok\"\n\t\t\t\ttarget=\"__blank\"\n\t\t\t\trel=\"noopener\"\n\t\t\t><img\n\t\t\t\t\tsrc=\"https:\/\/romanceclub.com\/wp-content\/uploads\/2023\/12\/buttons-social-tiktok-default.svg\"\n\t\t\t\t\talt=\"\"\n\t\t\t\t\twidth=\"36\"\n\t\t\t\t\theight=\"36\"\n\t\t\t\t><\/a>\n\n<\/div>\n<\/div>\n<\/div>\n<\/div>\n<\/div><div class=\"gb-container gb-container-ba2474f1 row\">\n<div class=\"gb-container gb-container-df5c57d8 col-12\">\n\n<h2 class=\"wp-block-heading heading-1 text-center mt-80 sm_mt-40\">Najpopularniejsze produkty<\/h2>\n\n<\/div>\n<\/div><div class=\"gb-container gb-container-df1508ca row\">\n<div class=\"gb-container gb-container-06e6fcda col-12 mt-34\">\n<div class=\"row\"><div class=\"col-6 col-lg-6 col-sm-12 col-md-12\">\n<div class=\"product-item-medium-wrap\">\n\t<article class=\"product-item product-item-medium product-item-medium-2 light-2-bg radius-26 flex flex-col\">\n\t\t<div class=\"container flex-1\">\n\t\t\t<div class=\"row\">\n\t\t\t\t<div class=\"col-7 col-lg-9\">\n\t\t\t\t\t<a\n\t\t\t\t\t\tclass=\"product-item-content\"\n\t\t\t\t\t\thref=\"https:\/\/romanceclub.com\/pl\/produkt\/talia-nr-22-10-kart\/\"\n\t\t\t\t\t\ttitle=\"Talia nr 22<br>[10 kart]\"\n\t\t\t\t\t><div class=\"product-item-title secondary-dark-color\">\n\t\t\t\t\t\t\tTalia nr 22<br>[10 kart]\t\t\t\t\t\t<\/div>\n\t\t\t\t\t\t<div class=\"product-item-text grey-dark-1-color flex gap-10 items-center\">\n\t\t\t\t\t\t\t<br>Talia kart kolekcjonerskich nr 22 (10 szt.). Wybitne postacie z gry + wiadomo\u015bci od nich. <br>Nowe talie s\u0105 dodawane z ka\u017cd\u0105 aktualizacj\u0105 gry.\t\t\t\t\t\t<\/div>\n\t\t\t\t\t<\/a>\n\t\t\t\t<\/div>\n\t\t\t\t<div class=\"col-5 col-lg-3\">\n\t\t\t\t\t<div class=\"product-item-image select-none\">\n\t\t\t\t\t\t<img loading=\"lazy\" decoding=\"async\" width=\"270\" height=\"270\" src=\"https:\/\/romanceclub.com\/wp-content\/uploads\/2026\/03\/CardsVol22_1@2x.webp\" class=\"attachment-305x270 size-305x270\" alt=\"\" srcset=\"https:\/\/romanceclub.com\/wp-content\/uploads\/2026\/03\/CardsVol22_1@2x.webp 990w, https:\/\/romanceclub.com\/wp-content\/uploads\/2026\/03\/CardsVol22_1@2x-300x300.webp 300w, https:\/\/romanceclub.com\/wp-content\/uploads\/2026\/03\/CardsVol22_1@2x-150x150.webp 150w, https:\/\/romanceclub.com\/wp-content\/uploads\/2026\/03\/CardsVol22_1@2x-768x768.webp 768w, https:\/\/romanceclub.com\/wp-content\/uploads\/2026\/03\/CardsVol22_1@2x-255x255.webp 255w, https:\/\/romanceclub.com\/wp-content\/uploads\/2026\/03\/CardsVol22_1@2x-500x500.webp 500w, https:\/\/romanceclub.com\/wp-content\/uploads\/2026\/03\/CardsVol22_1@2x-100x100.webp 100w\" sizes=\"auto, (max-width: 270px) 100vw, 270px\" \/>\t\t\t\t\t<\/div>\n\t\t\t\t<\/div>\n\t\t\t<\/div>\n\t\t<\/div>\n\t\t<div class=\"product-item-footer justify-end flex-shrink-0\">\n\t\t\t<div class=\"mr-auto flex gap-5 relative\">\n\t\t\t\t<a\n\t\t\t\t\tclass=\"btn-icon btn-semitransparent\"\n\t\t\t\t\tid=\"psfw-all-icon\"\n\t\t\t\t\tdata-url=\"https:\/\/romanceclub.com\/pl\/produkt\/talia-nr-22-10-kart\/\"\n\t\t\t\t\tdata-psfw-href=\"\"\n\t\t\t\t\thref=\"#\"\n\t\t\t\t\taria-label=\"share\"\n\t\t\t\t\ttitle=\"Share\"\n\t\t\t\t><svg xmlns=\"http:\/\/www.w3.org\/2000\/svg\" xmlns:xlink=\"http:\/\/www.w3.org\/1999\/xlink\" width=\"30\" height=\"30\">\n\t\t\t\t\t<use xlink:href=\"https:\/\/romanceclub.com\/wp-content\/themes\/romance-club\/images\/sprite.svg#buttons-share-dark-default\"><\/use>\n\t\t\t\t<\/svg><\/a>\n\t\t\t\t<button\n\t\t\t\t\tclass=\"btn-transparent flex items-center gap-10 wlfwc-add-to-wishlist wlfwc-add-to-mywishlist\" \t\t\t\t\ttitle=\"To favorites\"\n\t\t\t\t\taria-label=\"like\"\n\t\t\t\t\tdata-id=\"688677\"\n\t\t\t\t\tdata-add-only=\"false\">\n\t\t\t\t\t<span class=\"btn-icon\">\n\t\t\t\t\t\t<svg xmlns=\"http:\/\/www.w3.org\/2000\/svg\" xmlns:xlink=\"http:\/\/www.w3.org\/1999\/xlink\"\n\t\t\t\t\t\t\twidth=\"23\" height=\"23\">\n\t\t\t\t\t\t\t<use xlink:href=\"https:\/\/romanceclub.com\/wp-content\/themes\/romance-club\/images\/sprite.svg#buttons-navbar-favorite-default\"\n\t\t\t\t\t\t\t><\/use>\n\t\t\t\t\t\t<\/svg>\n\t\t\t\t\t<\/span>\n\t\t\t\t<\/button>\n\t\t\t<\/div>\n\t\t\t<div class=\"product-item-price\"><span class=\"woocommerce-Price-amount amount\"><bdi>3 510&nbsp;<span class=\"woocommerce-Price-currencySymbol\">rsd<\/span><\/bdi><\/span><\/div>\n\t\t\t<div class=\"product-item-add\">\n\t\t\t\t<button\n\t\t\t\t\tclass=\"btn-square size-s brand-2-bg white-color white-bg-hover brand-2-color-hover brand-1-bg-focus white-color-focus\" \t\t\t\t\tonclick=\"window.location.href='\/pl\/wp-json\/wp\/v2\/pages\/313713?add-to-cart=688677'\"\n\t\t\t\t\taria-label=\"shop\"\n\t\t\t\t\tdata-quantity=\"1\"\n\t\t\t\t\ttitle=\"Add to cart\"\n\t\t\t\t\t\t\t\t\t>\n\t\t\t\t\t<svg xmlns=\"http:\/\/www.w3.org\/2000\/svg\" xmlns:xlink=\"http:\/\/www.w3.org\/1999\/xlink\"\n\t\t\t\t\t\twidth=\"24\" height=\"24\">\n\t\t\t\t\t\t<use xlink:href=\"https:\/\/romanceclub.com\/wp-content\/themes\/romance-club\/images\/sprite.svg#buttons-navbar-basket-default\"\n\t\t\t\t\t\t><\/use>\n\t\t\t\t\t<\/svg>\n\t\t\t\t<\/button>\n\t\t\t<\/div>\n\t\t<\/div>\n\t<\/article>\n<\/div>\n<\/div><div class=\"col-6 col-lg-6 col-sm-12 col-md-12\">\n<div class=\"product-item-medium-wrap\">\n\t<article class=\"product-item product-item-medium product-item-medium-2 light-2-bg radius-26 flex flex-col\">\n\t\t<div class=\"container flex-1\">\n\t\t\t<div class=\"row\">\n\t\t\t\t<div class=\"col-7 col-lg-9\">\n\t\t\t\t\t<a\n\t\t\t\t\t\tclass=\"product-item-content\"\n\t\t\t\t\t\thref=\"https:\/\/romanceclub.com\/pl\/produkt\/znajomi-plus\/\"\n\t\t\t\t\t\ttitle=\"Znajomi Plus\"\n\t\t\t\t\t><div class=\"product-item-title secondary-dark-color\">\n\t\t\t\t\t\t\tZnajomi Plus\t\t\t\t\t\t<\/div>\n\t\t\t\t\t\t<div class=\"product-item-text grey-dark-1-color flex gap-10 items-center\">\n\t\t\t\t\t\t\t<p>Dodatkowe funkcje sekcji Znajomi<\/p>\t\t\t\t\t\t<\/div>\n\t\t\t\t\t<\/a>\n\t\t\t\t<\/div>\n\t\t\t\t<div class=\"col-5 col-lg-3\">\n\t\t\t\t\t<div class=\"product-item-image select-none\">\n\t\t\t\t\t\t<img loading=\"lazy\" decoding=\"async\" width=\"270\" height=\"270\" src=\"https:\/\/romanceclub.com\/wp-content\/uploads\/2025\/05\/Friends@2x.webp\" class=\"attachment-305x270 size-305x270\" alt=\"Dodatkowe funkcje sekcji Znajomi\" srcset=\"https:\/\/romanceclub.com\/wp-content\/uploads\/2025\/05\/Friends@2x.webp 990w, https:\/\/romanceclub.com\/wp-content\/uploads\/2025\/05\/Friends@2x-300x300.webp 300w, https:\/\/romanceclub.com\/wp-content\/uploads\/2025\/05\/Friends@2x-150x150.webp 150w, https:\/\/romanceclub.com\/wp-content\/uploads\/2025\/05\/Friends@2x-768x768.webp 768w, https:\/\/romanceclub.com\/wp-content\/uploads\/2025\/05\/Friends@2x-255x255.webp 255w, https:\/\/romanceclub.com\/wp-content\/uploads\/2025\/05\/Friends@2x-500x500.webp 500w, https:\/\/romanceclub.com\/wp-content\/uploads\/2025\/05\/Friends@2x-100x100.webp 100w\" sizes=\"auto, (max-width: 270px) 100vw, 270px\" \/>\t\t\t\t\t<\/div>\n\t\t\t\t<\/div>\n\t\t\t<\/div>\n\t\t<\/div>\n\t\t<div class=\"product-item-footer justify-end flex-shrink-0\">\n\t\t\t<div class=\"mr-auto flex gap-5 relative\">\n\t\t\t\t<a\n\t\t\t\t\tclass=\"btn-icon btn-semitransparent\"\n\t\t\t\t\tid=\"psfw-all-icon\"\n\t\t\t\t\tdata-url=\"https:\/\/romanceclub.com\/pl\/produkt\/znajomi-plus\/\"\n\t\t\t\t\tdata-psfw-href=\"\"\n\t\t\t\t\thref=\"#\"\n\t\t\t\t\taria-label=\"share\"\n\t\t\t\t\ttitle=\"Share\"\n\t\t\t\t><svg xmlns=\"http:\/\/www.w3.org\/2000\/svg\" xmlns:xlink=\"http:\/\/www.w3.org\/1999\/xlink\" width=\"30\" height=\"30\">\n\t\t\t\t\t<use xlink:href=\"https:\/\/romanceclub.com\/wp-content\/themes\/romance-club\/images\/sprite.svg#buttons-share-dark-default\"><\/use>\n\t\t\t\t<\/svg><\/a>\n\t\t\t\t<button\n\t\t\t\t\tclass=\"btn-transparent flex items-center gap-10 wlfwc-add-to-wishlist wlfwc-add-to-mywishlist\" \t\t\t\t\ttitle=\"To favorites\"\n\t\t\t\t\taria-label=\"like\"\n\t\t\t\t\tdata-id=\"402670\"\n\t\t\t\t\tdata-add-only=\"false\">\n\t\t\t\t\t<span class=\"btn-icon\">\n\t\t\t\t\t\t<svg xmlns=\"http:\/\/www.w3.org\/2000\/svg\" xmlns:xlink=\"http:\/\/www.w3.org\/1999\/xlink\"\n\t\t\t\t\t\t\twidth=\"23\" height=\"23\">\n\t\t\t\t\t\t\t<use xlink:href=\"https:\/\/romanceclub.com\/wp-content\/themes\/romance-club\/images\/sprite.svg#buttons-navbar-favorite-default\"\n\t\t\t\t\t\t\t><\/use>\n\t\t\t\t\t\t<\/svg>\n\t\t\t\t\t<\/span>\n\t\t\t\t<\/button>\n\t\t\t<\/div>\n\t\t\t<div class=\"product-item-price\"><span class=\"woocommerce-Price-amount amount\"><bdi>1 125&nbsp;<span class=\"woocommerce-Price-currencySymbol\">rsd<\/span><\/bdi><\/span><\/div>\n\t\t\t<div class=\"product-item-add\">\n\t\t\t\t<button\n\t\t\t\t\tclass=\"btn-square size-s brand-2-bg white-color white-bg-hover brand-2-color-hover brand-1-bg-focus white-color-focus\" \t\t\t\t\tonclick=\"window.location.href='\/pl\/wp-json\/wp\/v2\/pages\/313713?add-to-cart=402670'\"\n\t\t\t\t\taria-label=\"shop\"\n\t\t\t\t\tdata-quantity=\"1\"\n\t\t\t\t\ttitle=\"Add to cart\"\n\t\t\t\t\t\t\t\t\t>\n\t\t\t\t\t<svg xmlns=\"http:\/\/www.w3.org\/2000\/svg\" xmlns:xlink=\"http:\/\/www.w3.org\/1999\/xlink\"\n\t\t\t\t\t\twidth=\"24\" height=\"24\">\n\t\t\t\t\t\t<use xlink:href=\"https:\/\/romanceclub.com\/wp-content\/themes\/romance-club\/images\/sprite.svg#buttons-navbar-basket-default\"\n\t\t\t\t\t\t><\/use>\n\t\t\t\t\t<\/svg>\n\t\t\t\t<\/button>\n\t\t\t<\/div>\n\t\t<\/div>\n\t<\/article>\n<\/div>\n<\/div><\/div>\n\n<\/div>\n<\/div>","protected":false},"excerpt":{"rendered":"<p>Jak zap\u0142aci\u0107 za zakup i nasze gwarancje YooKassa Uniwersalne rozwi\u0105zanie umo\u017cliwiaj\u0105ce akceptacj\u0119 p\u0142atno\u015bci online. Zobacz, jak \u0142atwo jest p\u0142aci\u0107! Kliknij przycisk \u201eZap\u0142a\u0107\u201d, a zobaczysz nasz\u0105 stron\u0119 p\u0142atno\u015bci. www.yookassa.ru CorvusPay (Worldwide) Dokonuj szybszych i bezproblemowych p\u0142atno\u015bci, za pomoc\u0105 kilku klikni\u0119\u0107, bez wpisywania danych, we wszystkich punktach sprzeda\u017cy, kt\u00f3re akceptuj\u0105 metod\u0119 p\u0142atno\u015bci CorvusWallet. \u015aled\u017a swoje wydatki online [&hellip;]<\/p>\n","protected":false},"author":1,"featured_media":0,"parent":0,"menu_order":0,"comment_status":"closed","ping_status":"closed","template":"","meta":{"_acf_changed":false,"inline_featured_image":false,"footnotes":""},"class_list":["post-313713","page","type-page","status-publish","hentry"],"acf":[],"_links":{"self":[{"href":"https:\/\/romanceclub.com\/pl\/wp-json\/wp\/v2\/pages\/313713","targetHints":{"allow":["GET"]}}],"collection":[{"href":"https:\/\/romanceclub.com\/pl\/wp-json\/wp\/v2\/pages"}],"about":[{"href":"https:\/\/romanceclub.com\/pl\/wp-json\/wp\/v2\/types\/page"}],"author":[{"embeddable":true,"href":"https:\/\/romanceclub.com\/pl\/wp-json\/wp\/v2\/users\/1"}],"replies":[{"embeddable":true,"href":"https:\/\/romanceclub.com\/pl\/wp-json\/wp\/v2\/comments?post=313713"}],"version-history":[{"count":1,"href":"https:\/\/romanceclub.com\/pl\/wp-json\/wp\/v2\/pages\/313713\/revisions"}],"predecessor-version":[{"id":313714,"href":"https:\/\/romanceclub.com\/pl\/wp-json\/wp\/v2\/pages\/313713\/revisions\/313714"}],"wp:attachment":[{"href":"https:\/\/romanceclub.com\/pl\/wp-json\/wp\/v2\/media?parent=313713"}],"curies":[{"name":"wp","href":"https:\/\/api.w.org\/{rel}","templated":true}]}}