{"id":688677,"date":"2026-03-24T06:33:02","date_gmt":"2026-03-24T06:33:02","guid":{"rendered":"https:\/\/romanceclub.com\/?post_type=product&#038;p=688677"},"modified":"2026-03-24T06:46:40","modified_gmt":"2026-03-24T06:46:40","slug":"talia-nr-22-10-kart","status":"publish","type":"product","link":"https:\/\/romanceclub.com\/pl\/produkt\/talia-nr-22-10-kart\/","title":{"rendered":"Talia nr 22<br>[10 kart]"},"content":{"rendered":"Talia nr 22.<br>10 kart kolekcjonerskich (talia 22).<br>Karty kolekcjonerskie s\u0105 po\u015bwi\u0119cone wybitnym postaciom w grze i zawieraj\u0105 r\u00f3wnie\u017c wiadomo\u015b\u0107 od nich.<br>Karty kolekcjonerskie mo\u017cna kupi\u0107 w sklepie gry lub za skarby, otrzyma\u0107 w prezencie od znajomych lub wygra\u0107 w kole fortuny.<br>Karty s\u0105 wydawane w taliach i s\u0105 dodawane z ka\u017cd\u0105 now\u0105 aktualizacj\u0105.","protected":false},"excerpt":{"rendered":"<p>Talia kart kolekcjonerskich nr 22 (10 szt.). Wybitne postacie z gry + wiadomo\u015bci od nich. <br \/>Nowe talie s\u0105 dodawane z ka\u017cd\u0105 aktualizacj\u0105 gry.<\/p>\n","protected":false},"featured_media":688683,"template":"","meta":{"_acf_changed":false,"inline_featured_image":false},"product_brand":[],"product_cat":[526],"product_tag":[535,534],"class_list":{"0":"post-688677","1":"product","2":"type-product","3":"status-publish","4":"has-post-thumbnail","6":"product_cat-dodatkowy","7":"product_tag-deck-pl","8":"product_tag-poklad","10":"first","11":"instock","12":"virtual","13":"sold-individually","14":"purchasable","15":"product-type-simple"},"acf":[],"_links":{"self":[{"href":"https:\/\/romanceclub.com\/pl\/wp-json\/wp\/v2\/product\/688677","targetHints":{"allow":["GET"]}}],"collection":[{"href":"https:\/\/romanceclub.com\/pl\/wp-json\/wp\/v2\/product"}],"about":[{"href":"https:\/\/romanceclub.com\/pl\/wp-json\/wp\/v2\/types\/product"}],"wp:featuredmedia":[{"embeddable":true,"href":"https:\/\/romanceclub.com\/pl\/wp-json\/wp\/v2\/media\/688683"}],"wp:attachment":[{"href":"https:\/\/romanceclub.com\/pl\/wp-json\/wp\/v2\/media?parent=688677"}],"wp:term":[{"taxonomy":"product_brand","embeddable":true,"href":"https:\/\/romanceclub.com\/pl\/wp-json\/wp\/v2\/product_brand?post=688677"},{"taxonomy":"product_cat","embeddable":true,"href":"https:\/\/romanceclub.com\/pl\/wp-json\/wp\/v2\/product_cat?post=688677"},{"taxonomy":"product_tag","embeddable":true,"href":"https:\/\/romanceclub.com\/pl\/wp-json\/wp\/v2\/product_tag?post=688677"}],"curies":[{"name":"wp","href":"https:\/\/api.w.org\/{rel}","templated":true}]}}