{"id":738537,"date":"2023-11-30T14:11:16","date_gmt":"2023-11-30T14:11:16","guid":{"rendered":"https:\/\/romanceclub.com\/product\/herbata-5-filizanek\/"},"modified":"2026-05-08T19:05:31","modified_gmt":"2026-05-08T19:05:31","slug":"herbata-5-filizanek","status":"publish","type":"product","link":"https:\/\/romanceclub.com\/pl\/produkt\/herbata-5-filizanek\/","title":{"rendered":"Herbata, 5 fili\u017canek"},"content":{"rendered":"5 fili\u017canek herbaty &#8211; Naklejka na komunikator Telegram.\r\n\r\nHerbata lub fili\u017canka w grach Romance Club \u2615 to kolejna waluta opr\u00f3cz Diament\u00f3w, dzi\u0119ki kt\u00f3rej mo\u017cesz odblokowywa\u0107 epizody fabularne.\r\n\r\nJeden kubek odblokowuje jeden wybrany odcinek historii, kt\u00f3ry mo\u017cesz przeczyta\u0107 do ko\u0144ca. Po powt\u00f3rzeniu odcinka ponownie b\u0119dziesz potrzebowa\u0107 naszej magicznej herbaty. \r\n\r\nZa dost\u0119p do fili\u017canek herbaty uzyskuje si\u0119 dost\u0119p do odcink\u00f3w konkretnej powie\u015bci wizualnej (z wyj\u0105tkiem odcinka 1. sezonu 1. danej historii, w przypadku kt\u00f3rego fili\u017canki nie s\u0105 odejmowane). \r\n\r\nDo ponownego obejrzenia serialu potrzebna jest r\u00f3wnie\u017c herbata.\r\n\r\nKup diamenty i fili\u017canki Klubu Romantyk\u00f3w. \r\nTylko na naszej oficjalnej stronie internetowej mo\u017cna kupi\u0107 oryginalne, prawdziwe diamenty oraz fili\u017canki do herbaty do aplikacji \u201eKlub Romantyk\u00f3w\u201d.\r\nKupuj\u0105c fili\u017canki i diamenty Klubu Romantyk\u00f3w na naszej stronie, oszcz\u0119dzasz czas, poniewa\u017c nie musisz przegl\u0105da\u0107 reklam, aby zdoby\u0107 diamenty, ani czeka\u0107 na uzupe\u0142nienie zapas\u00f3w o jedn\u0105 fili\u017cank\u0119 co trzy godziny.","protected":false},"excerpt":{"rendered":"<p>5 fili\u017canek herbaty. Herbata to waluta w grze Romance Club, kt\u00f3ra pozwala odblokowywa\u0107 odcinki fabularne. Jedna fili\u017canka odblokowuje jeden wybrany odcinek fabularny, kt\u00f3ry mo\u017cesz przeczyta\u0107 do ko\u0144ca.  <\/p>\n","protected":false},"featured_media":738539,"template":"","meta":{"_acf_changed":false,"inline_featured_image":false},"product_brand":[],"product_cat":[721,710],"product_tag":[723,722],"class_list":{"0":"post-738537","1":"product","2":"type-product","3":"status-publish","4":"has-post-thumbnail","6":"product_cat-herbata","7":"product_cat-herbata-i-diamenty","8":"product_tag-herbata","9":"product_tag-stan-nietrzezwy","11":"first","12":"instock","13":"downloadable","14":"virtual","15":"sold-individually","16":"purchasable","17":"product-type-simple"},"acf":[],"_links":{"self":[{"href":"https:\/\/romanceclub.com\/pl\/wp-json\/wp\/v2\/product\/738537","targetHints":{"allow":["GET"]}}],"collection":[{"href":"https:\/\/romanceclub.com\/pl\/wp-json\/wp\/v2\/product"}],"about":[{"href":"https:\/\/romanceclub.com\/pl\/wp-json\/wp\/v2\/types\/product"}],"wp:featuredmedia":[{"embeddable":true,"href":"https:\/\/romanceclub.com\/pl\/wp-json\/wp\/v2\/media\/738539"}],"wp:attachment":[{"href":"https:\/\/romanceclub.com\/pl\/wp-json\/wp\/v2\/media?parent=738537"}],"wp:term":[{"taxonomy":"product_brand","embeddable":true,"href":"https:\/\/romanceclub.com\/pl\/wp-json\/wp\/v2\/product_brand?post=738537"},{"taxonomy":"product_cat","embeddable":true,"href":"https:\/\/romanceclub.com\/pl\/wp-json\/wp\/v2\/product_cat?post=738537"},{"taxonomy":"product_tag","embeddable":true,"href":"https:\/\/romanceclub.com\/pl\/wp-json\/wp\/v2\/product_tag?post=738537"}],"curies":[{"name":"wp","href":"https:\/\/api.w.org\/{rel}","templated":true}]}}